{"id":19678,"date":"2024-08-06T14:40:06","date_gmt":"2024-08-06T11:40:06","guid":{"rendered":"http:\/\/wifilab.org\/?post_type=product&#038;p=19678"},"modified":"2024-10-16T10:34:58","modified_gmt":"2024-10-16T07:34:58","slug":"mikrotik-ccr1009","status":"publish","type":"product","link":"https:\/\/wifilab.org\/cs\/product\/mikrotik-ccr1009\/","title":{"rendered":"\u041a\u0443\u043f\u0438\u0442\u044c Mikrotik CCR 1009-7G-1C-1S+"},"content":{"rendered":"<p align=\"justify\"><strong>MikroTik CCR1009-7G-1C-1S+<\/strong>\u00a0\u2014 \u044d\u0442\u043e \u0433\u0438\u0433\u0430\u0431\u0438\u0442\u043d\u044b\u0439 \u0440\u043e\u0443\u0442\u0435\u0440 \u043d\u0430\u00a0<strong>7\u00a0Ethernet<\/strong>\u00a0\u043f\u043e\u0440\u0442\u043e\u0432,<strong>\u00a01\u00a0Ethernet\u00a0\/\u00a0SFP\u00a0combo<\/strong>\u00a0\u043f\u043e\u0440\u0442 \u0434\u043b\u044f \u043f\u043e\u0434\u043a\u043b\u044e\u0447\u0435\u043d\u0438\u044f\u00a0ethernet\u00a0\u043a\u0430\u0431\u0435\u043b\u044f \/ \u043e\u043f\u0442\u0438\u043a\u0438,\u00a0<strong>1\u00a0SFP+<\/strong>\u00a0\u043f\u043e\u0440\u0442 \u0434\u043b\u044f \u043f\u043e\u0434\u043a\u043b\u044e\u0447\u0435\u043d\u0438\u044f \u043e\u043f\u0442\u0438\u043a\u0438 \u0438\u00a0<strong>2 \u0440\u0430\u0437\u044a\u0435\u043c\u0430 220\u0412<\/strong>\u00a0\u0434\u043b\u044f \u043e\u0440\u0433\u0430\u043d\u0438\u0437\u0430\u0446\u0438\u0438 \u0440\u0435\u0437\u0435\u0440\u0432\u043d\u043e\u0433\u043e \u043f\u0438\u0442\u0430\u043d\u0438\u044f.<\/p>\n<p align=\"justify\">\u041f\u0440\u0438\u043c\u0435\u043d\u044f\u0435\u0442\u0441\u044f \u0434\u043b\u044f \u043c\u0430\u0440\u0448\u0440\u0443\u0442\u0438\u0437\u0430\u0446\u0438\u0438 \u0432 \u0441\u0435\u0442\u044f\u0445 \u0441 \u043a\u043e\u043b\u0438\u0447\u0435\u0441\u0442\u0432\u043e\u043c \u0430\u0431\u043e\u043d\u0435\u043d\u0442\u043e\u0432 \u0434\u043e 400 \u0447\u0435\u043b\u043e\u0432\u0435\u043a \u0438 \u043e\u0440\u0433\u0430\u043d\u0438\u0437\u0430\u0446\u0438\u0438 \u0441\u043a\u043e\u0440\u043e\u0441\u0442\u043d\u044b\u0445 VPN \u043a\u0430\u043d\u0430\u043b\u043e\u0432.<\/p>\n<p align=\"justify\">\u0412 \u0434\u0430\u043d\u043d\u043e\u0439 \u043c\u043e\u0434\u0435\u043b\u0438 Ethernet \u043f\u043e\u0440\u0442\u044b \u0438\u043c\u0435\u044e\u0442 \u043f\u0440\u044f\u043c\u043e\u0435 \u043f\u043e\u0434\u043a\u043b\u044e\u0447\u0435\u043d\u0438\u0435 \u043a \u043f\u0440\u043e\u0446\u0435\u0441\u0441\u043e\u0440\u0443. \u042d\u0442\u043e \u043f\u043e\u0437\u0432\u043e\u043b\u044f\u0435\u0442 \u0438\u0441\u043f\u043e\u043b\u044c\u0437\u043e\u0432\u0430\u0442\u044c \u043f\u043e\u0442\u0435\u043d\u0446\u0438\u0430\u043b \u0440\u043e\u0443\u0442\u0435\u0440\u0430 \u043d\u0430 \u043f\u043e\u043b\u043d\u0443\u044e \u043c\u043e\u0449\u043d\u043e\u0441\u0442\u044c. \u041f\u0440\u043e\u043f\u0443\u0441\u043a\u043d\u0430\u044f \u0441\u043f\u043e\u0441\u043e\u0431\u043d\u043e\u0441\u0442\u044c \u0432\u0441\u0435\u0445 \u043f\u043e\u0440\u0442\u043e\u0432 \u0432 \u043f\u043e\u043b\u043d\u043e\u043c \u0434\u0443\u043f\u043b\u0435\u043a\u0441\u0435 \u0434\u043e\u00a0<strong>18\u00a0\u0413\u0431\u0438\u0442\/\u0441<\/strong>.<\/p>\n<p align=\"justify\">\u0423\u0441\u0442\u0440\u043e\u0439\u0441\u0442\u0432\u043e \u0438\u043c\u0435\u0435\u0442 \u043f\u0440\u043e\u0433\u0440\u0430\u043c\u043c\u043d\u044b\u0439 Combo-\u043f\u043e\u0440\u0442 1\u0413\u0431\u0438\u0442\/\u0441, \u043a\u043e\u0442\u043e\u0440\u044b\u0439 \u043e\u0431\u044a\u0435\u0434\u0438\u043d\u044f\u0435\u0442 \u0434\u0432\u0430 \u0444\u0438\u0437\u0438\u0447\u0435\u0441\u043a\u0438\u0445 \u0438\u043d\u0442\u0435\u0440\u0444\u0435\u0439\u0441\u0430: SFP \u043f\u043e\u0440\u0442 \u0438 \u0433\u0438\u0433\u0430\u0431\u0438\u0442\u043d\u044b\u0439 Ethernet \u043f\u043e\u0440\u0442. \u041f\u043e\u044d\u0442\u043e\u043c\u0443 \u0432 \u043a\u0430\u0447\u0435\u0441\u0442\u0432\u0435 WAN \u0438\u043d\u0442\u0435\u0440\u0444\u0435\u0439\u0441\u0430 \u043c\u043e\u0436\u043d\u043e \u0438\u0441\u043f\u043e\u043b\u044c\u0437\u043e\u0432\u0430\u0442\u044c \u043f\u043e\u0434\u043a\u043b\u044e\u0447\u0435\u043d\u0438\u0435 \u043f\u043e \u0432\u0438\u0442\u043e\u0439 \u043f\u0430\u0440\u0435 \u0438\u043b\u0438 \u043f\u043e \u043e\u043f\u0442\u0438\u0447\u0435\u0441\u043a\u043e\u043c\u0443 \u0432\u043e\u043b\u043e\u043a\u043d\u0443. \u041e\u0434\u043d\u043e\u0432\u0440\u0435\u043c\u0435\u043d\u043d\u043e \u043c\u043e\u0436\u043d\u043e \u0438\u0441\u043f\u043e\u043b\u044c\u0437\u043e\u0432\u0430\u0442\u044c \u0442\u043e\u043b\u044c\u043a\u043e \u043e\u0434\u0438\u043d \u0438\u0437 Combo \u043f\u043e\u0440\u0442\u043e\u0432: Ethernet \u0438\u043b\u0438 SFP \u043f\u043e\u0440\u0442. \u0412 \u043d\u0430\u0441\u0442\u0440\u043e\u0439\u043a\u0430\u0445 \u0435\u0441\u0442\u044c \u0432\u043e\u0437\u043c\u043e\u0436\u043d\u043e\u0441\u0442\u044c \u0432\u0440\u0443\u0447\u043d\u0443\u044e \u0443\u043a\u0430\u0437\u0430\u0442\u044c, \u043a\u0430\u043a\u043e\u0439 \u043f\u043e\u0440\u0442 \u043d\u0443\u0436\u043d\u043e \u0438\u0441\u043f\u043e\u043b\u044c\u0437\u043e\u0432\u0430\u0442\u044c.<\/p>\n<p align=\"justify\">CCR1009-7G-1C-1S+ \u043f\u043e\u0434\u0434\u0435\u0440\u0436\u0438\u0432\u0430\u0435\u0442 \u0433\u0438\u0433\u0430\u0431\u0438\u0442\u043d\u044b\u0435 SFP \u043c\u043e\u0434\u0443\u043b\u0438, \u0430 \u0442\u0430\u043a\u0436\u0435 100 \u041c\u0431\u0438\u0442\/\u0441: 100BASE-LX\/100BASE-SX\/100BASE-BX.<\/p>\n<p align=\"justify\">\u041d\u0430 \u043f\u0435\u0440\u0435\u0434\u043d\u0435\u0439 \u043f\u0430\u043d\u0435\u043b\u0438 \u043a\u043e\u0440\u043f\u0443\u0441\u0430 \u0440\u0430\u0441\u043f\u043e\u043b\u043e\u0436\u0435\u043d \u0441\u0435\u043d\u0441\u043e\u0440\u043d\u044b\u0439 \u044d\u043a\u0440\u0430\u043d, \u043a\u043e\u0442\u043e\u0440\u044b\u0439 \u043e\u0442\u043e\u0431\u0440\u0430\u0436\u0430\u0435\u0442 \u043d\u0430\u0433\u0440\u0443\u0437\u043a\u0443 \u043f\u0440\u043e\u0446\u0435\u0441\u0441\u043e\u0440\u0430 \u0438 \u0442\u0440\u0430\u0444\u0438\u043a \u043d\u0430 \u0441\u0435\u0442\u0435\u0432\u044b\u0445 \u0438\u043d\u0442\u0435\u0440\u0444\u0435\u0439\u0441\u0430\u0445.<\/p>\n<p align=\"justify\">\u0421\u0437\u0430\u0434\u0438 \u043a\u043e\u0440\u043f\u0443\u0441\u0430 \u043d\u0430\u0445\u043e\u0434\u0438\u0442\u0441\u044f microSD \u0441\u043b\u043e\u0442 \u0434\u043b\u044f \u043a\u0430\u0440\u0442 \u043f\u0430\u043c\u044f\u0442\u0438 \u0438 \u0434\u0432\u0430 \u0440\u0430\u0437\u044a\u0435\u043c\u0430 \u0434\u043b\u044f \u043f\u043e\u0434\u043a\u043b\u044e\u0447\u0435\u043d\u0438\u044f \u043f\u0438\u0442\u0430\u043d\u0438\u044f 220\u0412. \u0414\u043e\u043f\u043e\u043b\u043d\u0438\u0442\u0435\u043b\u044c\u043d\u044b\u0439 \u0440\u0430\u0437\u044a\u0435\u043c 220\u0412 \u043f\u043e\u0437\u0432\u043e\u043b\u044f\u0435\u0442 \u043e\u0440\u0433\u0430\u043d\u0438\u0437\u043e\u0432\u0430\u0442\u044c \u0440\u0435\u0437\u0435\u0440\u0432\u043d\u043e\u0435 \u043f\u0438\u0442\u0430\u043d\u0438\u0435 \u043c\u0430\u0440\u0448\u0440\u0443\u0442\u0438\u0437\u0430\u0442\u043e\u0440\u0430. \u0415\u0441\u043b\u0438 \u044d\u043b\u0435\u043a\u0442\u0440\u0438\u0447\u0435\u0441\u0442\u0432\u043e \u043f\u0440\u043e\u043f\u0430\u0434\u0435\u0442 \u043d\u0430 \u043e\u0434\u043d\u043e\u0439 \u043b\u0438\u043d\u0438\u0438 220\u0412, \u0442\u043e \u043f\u0438\u0442\u0430\u043d\u0438\u0435 \u0430\u0432\u0442\u043e\u043c\u0430\u0442\u0438\u0447\u0435\u0441\u043a\u0438 \u043f\u0435\u0440\u0435\u043a\u043b\u044e\u0447\u0438\u0442\u0441\u044f \u043d\u0430 \u0432\u0442\u043e\u0440\u0443\u044e \u043b\u0438\u043d\u0438\u044e 220\u0412.<\/p>\n<p align=\"justify\">\u0423\u0441\u0442\u0440\u043e\u0439\u0441\u0442\u0432\u043e \u0442\u0430\u043a\u0436\u0435 \u043f\u043e\u0434\u0434\u0435\u0440\u0436\u0438\u0432\u0430\u0435\u0442 \u043f\u043e\u0434\u0430\u0447\u0443 \u043f\u0438\u0442\u0430\u043d\u0438\u044f \u0447\u0435\u0440\u0435\u0437 \u0441\u0435\u0442\u0435\u0432\u043e\u0439 \u043f\u043e\u0440\u0442 Eth7 \u043f\u043e \u0442\u0435\u0445\u043d\u043e\u043b\u043e\u0433\u0438\u0438 PoE \u0441 \u043d\u0430\u043f\u0440\u044f\u0436\u0435\u043d\u0438\u0435\u043c 18-56\u0412.<\/p>\n<p align=\"justify\">\u0412 \u043a\u043e\u043c\u043f\u043b\u0435\u043a\u0442\u0435 \u043f\u043e\u0441\u0442\u0430\u0432\u043a\u0438 \u0438\u0434\u0443\u0442 \u043a\u0440\u0435\u043f\u043b\u0435\u043d\u0438\u044f &#8222;\u0443\u0448\u043a\u0438&#8220; \u0434\u043b\u044f \u043c\u043e\u043d\u0442\u0430\u0436\u0430 \u043a\u043e\u0440\u043f\u0443\u0441\u0430 \u0432 19-\u0434\u044e\u0439\u043c\u043e\u0432\u0443\u044e \u0441\u0435\u0440\u0432\u0435\u0440\u043d\u0443\u044e \u0441\u0442\u043e\u0439\u043a\u0443 \u0438\u043b\u0438 \u0448\u043a\u0430\u0444.<\/p>\n<p align=\"justify\">\u0420\u043e\u0443\u0442\u0435\u0440\u043e\u043c \u0443\u043f\u0440\u0430\u0432\u043b\u044f\u0435\u0442 \u043e\u043f\u0435\u0440\u0430\u0446\u0438\u043e\u043d\u043d\u0430\u044f \u0441\u0438\u0441\u0442\u0435\u043c\u0430 RouterOS \u0441 \u043b\u0438\u0446\u0435\u043d\u0437\u0438\u0435\u0439 Level 6. \u042d\u0442\u043e \u043e\u0437\u043d\u0430\u0447\u0430\u0435\u0442, \u0447\u0442\u043e \u043e\u043d\u0430 \u043d\u0435 \u0438\u043c\u0435\u0435\u0442 \u043d\u0438\u043a\u0430\u043a\u0438\u0445 \u043e\u0433\u0440\u0430\u043d\u0438\u0447\u0435\u043d\u0438\u0439 \u043f\u043e \u0438\u0441\u043f\u043e\u043b\u044c\u0437\u043e\u0432\u0430\u043d\u0438\u044e. RouterOS \u043f\u043e\u0437\u0432\u043e\u043b\u044f\u0435\u0442 \u0433\u0438\u0431\u043a\u043e \u043d\u0430\u0441\u0442\u0440\u043e\u0438\u0442\u044c \u043e\u0433\u0440\u0430\u043d\u0438\u0447\u0435\u043d\u0438\u044f \u0441\u043a\u043e\u0440\u043e\u0441\u0442\u0438, \u0437\u0430\u043f\u0440\u0435\u0442\u0438\u0442\u044c \u0442\u043e\u0440\u0440\u0435\u043d\u0442\u044b \u0438 \u0441\u043e\u0446\u0438\u0430\u043b\u044c\u043d\u044b\u0435 \u0441\u0435\u0442\u0438, \u0441\u043e\u0437\u0434\u0430\u0442\u044c VPN \u0441\u0435\u0440\u0432\u0435\u0440, \u043f\u043e\u0434\u043d\u044f\u0442\u044c \u0437\u0430\u0449\u0438\u0449\u0435\u043d\u043d\u044b\u0439 IPSec \u0442\u0443\u043d\u043d\u0435\u043b\u044c, PPTP, PPPoE, L2TP, \u043d\u0430\u0441\u0442\u0440\u043e\u0438\u0442\u044c \u0445\u043e\u0442-\u0441\u043f\u043e\u0442 \u0434\u043b\u044f \u0433\u043e\u0441\u0442\u0438\u043d\u0438\u0446\u044b \u0441 \u043f\u043e\u043a\u0430\u0437\u043e\u043c \u0440\u0435\u043a\u043b\u0430\u043c\u044b, RADIUS \u0441\u0435\u0440\u0432\u0435\u0440, Proxy \u0441\u0435\u0440\u0432\u0435\u0440, FTP \u0441\u0435\u0440\u0432\u0435\u0440 \u0438 \u043c\u043d\u043e\u0433\u043e\u0435 \u0434\u0440\u0443\u0433\u043e\u0435.<\/p>\n<p align=\"justify\">\u0420\u0435\u043a\u043e\u043c\u0435\u043d\u0434\u0443\u0435\u043c \u043a\u0443\u043f\u0438\u0442\u044c MikroTik CCR1009-7G-1C-1S+ \u0434\u043b\u044f \u0441\u0435\u0442\u0438 \u0434\u043e 400 \u0447\u0435\u043b\u043e\u0432\u0435\u043a, \u0438 \u043a\u043e\u0433\u0434\u0430 \u043d\u0443\u0436\u043d\u043e \u043e\u0431\u0435\u0441\u043f\u0435\u0447\u0438\u0442\u044c \u0440\u0435\u0437\u0435\u0440\u0432\u0438\u0440\u043e\u0432\u0430\u043d\u0438\u0435 \u043f\u0438\u0442\u0430\u043d\u0438\u044f.<\/p>\n<h3>\u0425\u0430\u0440\u0430\u043a\u0442\u0435\u0440\u0438\u0441\u0442\u0438\u043a\u0438<\/h3>\n<table border=\"0\">\n<tbody>\n<tr>\n<td valign=\"top\">\n<table class=\"tblCharact\">\n<tbody>\n<tr>\n<th colspan=\"2\">\u0421\u0438\u0441\u0442\u0435\u043c\u0430<\/th>\n<\/tr>\n<tr>\n<td>\u041f\u0440\u043e\u0446\u0435\u0441\u0441\u043e\u0440:<\/td>\n<td>TLR4-00980CH-10CE-A3b, 1.2 GHz, 9 \u044f\u0434\u0435\u0440<\/td>\n<\/tr>\n<tr>\n<td>RAM:<\/td>\n<td>2 GB<\/td>\n<\/tr>\n<tr>\n<td>Flash:<\/td>\n<td>128 MB Onboard NAND<\/td>\n<\/tr>\n<tr>\n<td>\u0420\u0430\u0437\u044a\u0435\u043c\u044b:<\/td>\n<td>7\u00d7 10\/100\/1000 Mbit\/s Ethernet RJ45 Auto-MDI\/X<br \/>\n1 \u00d7 Ethernet\/SFP combo port<br \/>\n1 \u00d7 SFP+ port<br \/>\n1 \u00d7 microUSB type AB<br \/>\n1 \u00d7 microSD slot<br \/>\n1 \u00d7 smart card slot<br \/>\n1 \u00d7 DB9 RS232C asynchronous serial port<\/td>\n<\/tr>\n<tr>\n<td>\u041e\u0421:<\/td>\n<td>MikroTik RouterOS Level6 license<\/td>\n<\/tr>\n<tr>\n<th colspan=\"2\">\u0414\u0440\u0443\u0433\u043e\u0435<\/th>\n<\/tr>\n<tr>\n<td>\u042d\u043b\u0435\u043a\u0442\u0440\u043e\u043f\u0438\u0442\u0430\u043d\u0438\u0435:<\/td>\n<td>2 \u00d7 IEC C14 standard PSU units built in, 100\/240V (PSU included),<br \/>\nPassive PoE input 18-56V<\/td>\n<\/tr>\n<tr>\n<td>\u0420\u0430\u0437\u043c\u0435\u0440\u044b:<\/td>\n<td>444 \u00d7 175 \u00d7 47 \u043c\u043c<\/td>\n<\/tr>\n<tr>\n<td>\u0412\u0435\u0441:<\/td>\n<td>916 \u0433<\/td>\n<\/tr>\n<tr>\n<td>\u041f\u043e\u0442\u0440\u0435\u0431\u043b\u0435\u043d\u0438\u0435:<\/td>\n<td>\u2264 34\u0412\u0442<\/td>\n<\/tr>\n<tr>\n<td>\u0420\u0430\u0431\u043e\u0447\u0430\u044f \u0442\u0435\u043c\u043f\u0435\u0440\u0430\u0442\u0443\u0440\u0430:<\/td>\n<td>-20C .. +60\u00b0C<\/td>\n<\/tr>\n<\/tbody>\n<\/table>\n<\/td>\n<\/tr>\n<\/tbody>\n<\/table>\n","protected":false},"excerpt":{"rendered":"<ul>\n<li>\u041f\u0440\u043e\u0446\u0435\u0441\u0441\u043e\u0440: 9-\u044f\u0434\u0435\u0440\u043d\u044b\u0439 1.2 \u0413\u0413\u0446 \u043d\u0430 \u043a\u0430\u0436\u0434\u043e\u0435 \u044f\u0434\u0440\u043e<\/li>\n<li>\u041e\u043f\u0435\u0440\u0430\u0442\u0438\u0432\u043d\u0430\u044f \u043f\u0430\u043c\u044f\u0442\u044c: 2 \u0413\u0411<\/li>\n<li>NAND \u043f\u0430\u043c\u044f\u0442\u044c: 128 M\u0411<\/li>\n<li>\u0418\u043d\u0442\u0435\u0440\u0444\u0435\u0439\u0441\u044b:\n<ul>\n<li>7 \u00d7 1 \u0413\u0431\u0438\u0442\/\u0441 Ethernet<\/li>\n<li>1 \u00d7 Ethernet\/SFP combo \u043f\u043e\u0440\u0442<\/li>\n<li>1 \u00d7 SFP+ \u043f\u043e\u0440\u0442<\/li>\n<li>1 \u00d7 microUSB \u043f\u043e\u0440\u0442<\/li>\n<li>1 \u00d7 microSD \u0441\u043b\u043e\u0442<\/li>\n<li>1 \u00d7 smart card \u0441\u043b\u043e\u0442<\/li>\n<li>1 \u00d7 COM \u043f\u043e\u0440\u0442<\/li>\n<\/ul>\n<\/li>\n<\/ul>\n","protected":false},"featured_media":19679,"comment_status":"open","ping_status":"closed","template":"","meta":[],"product_cat":[130,118,135],"product_tag":[123],"class_list":{"0":"post-19678","1":"product","2":"type-product","3":"status-publish","4":"has-post-thumbnail","6":"product_cat-kupit_setevoe_oborudovanie_mikrotik","7":"product_cat-kupit_marshrutizatoru_mikrotik_ubiquiti_cisco_ruijie","8":"product_cat-kupit_marshrutizatoru_mikrotik","9":"product_tag-routers","10":"product_shipping_class-class-1","12":"first","13":"instock","14":"shipping-taxable","15":"purchasable","16":"product-type-simple"},"yoast_head":"<!-- This site is optimized with the Yoast SEO Premium plugin v24.2 (Yoast SEO v24.2) - https:\/\/yoast.com\/wordpress\/plugins\/seo\/ -->\n<title>\u041a\u0443\u043f\u0438\u0442\u044c Mikrotik CCR 1009-7G-1C-1S+ - WiFiLab<\/title>\n<meta name=\"robots\" content=\"index, follow, max-snippet:-1, max-image-preview:large, max-video-preview:-1\" \/>\n<meta property=\"og:locale\" content=\"cs_CZ\" \/>\n<meta property=\"og:type\" content=\"article\" \/>\n<meta property=\"og:title\" content=\"\u041a\u0443\u043f\u0438\u0442\u044c Mikrotik CCR 1009-7G-1C-1S+\" \/>\n<meta property=\"og:description\" content=\"\u041f\u0440\u043e\u0446\u0435\u0441\u0441\u043e\u0440: 9-\u044f\u0434\u0435\u0440\u043d\u044b\u0439 1.2 \u0413\u0413\u0446 \u043d\u0430 \u043a\u0430\u0436\u0434\u043e\u0435 \u044f\u0434\u0440\u043e  \u041e\u043f\u0435\u0440\u0430\u0442\u0438\u0432\u043d\u0430\u044f \u043f\u0430\u043c\u044f\u0442\u044c: 2 \u0413\u0411  NAND \u043f\u0430\u043c\u044f\u0442\u044c: 128 M\u0411  \u0418\u043d\u0442\u0435\u0440\u0444\u0435\u0439\u0441\u044b:   7 \u00d7 1 \u0413\u0431\u0438\u0442\/\u0441 Ethernet  1 \u00d7 Ethernet\/SFP combo \u043f\u043e\u0440\u0442  1 \u00d7 SFP+ \u043f\u043e\u0440\u0442  1 \u00d7 microUSB \u043f\u043e\u0440\u0442  1 \u00d7 microSD \u0441\u043b\u043e\u0442  1 \u00d7 smart card \u0441\u043b\u043e\u0442  1 \u00d7 COM \u043f\u043e\u0440\u0442\" \/>\n<meta property=\"og:url\" content=\"https:\/\/wifilab.org\/cs\/product\/mikrotik-ccr1009\/\" \/>\n<meta property=\"og:site_name\" content=\"WiFiLab\" \/>\n<meta property=\"article:modified_time\" content=\"2024-10-16T07:34:58+00:00\" \/>\n<meta property=\"og:image\" content=\"https:\/\/i0.wp.com\/wifilab.org\/wp-content\/uploads\/2024\/08\/MikroTik-RouterBOARD-Cloud-Core-Router-CCR1009-8G-1S-1S-910x1155-1-e1726501838451.jpg?fit=499%2C499&ssl=1\" \/>\n\t<meta property=\"og:image:width\" content=\"499\" \/>\n\t<meta property=\"og:image:height\" content=\"499\" \/>\n\t<meta property=\"og:image:type\" content=\"image\/jpeg\" \/>\n<meta name=\"twitter:card\" content=\"summary_large_image\" \/>\n<meta name=\"twitter:label1\" content=\"Odhadovan\u00e1 doba \u010dten\u00ed\" \/>\n\t<meta name=\"twitter:data1\" content=\"3 minuty\" \/>\n<script type=\"application\/ld+json\" class=\"yoast-schema-graph\">{\"@context\":\"https:\/\/schema.org\",\"@graph\":[{\"@type\":\"WebPage\",\"@id\":\"https:\/\/wifilab.org\/cs\/product\/mikrotik-ccr1009\/\",\"url\":\"https:\/\/wifilab.org\/cs\/product\/mikrotik-ccr1009\/\",\"name\":\"\u041a\u0443\u043f\u0438\u0442\u044c Mikrotik CCR 1009-7G-1C-1S+ - WiFiLab\",\"isPartOf\":{\"@id\":\"https:\/\/wifilab.org\/cs\/#website\"},\"primaryImageOfPage\":{\"@id\":\"https:\/\/wifilab.org\/cs\/product\/mikrotik-ccr1009\/#primaryimage\"},\"image\":{\"@id\":\"https:\/\/wifilab.org\/cs\/product\/mikrotik-ccr1009\/#primaryimage\"},\"thumbnailUrl\":\"https:\/\/wifilab.org\/wp-content\/uploads\/2024\/08\/MikroTik-RouterBOARD-Cloud-Core-Router-CCR1009-8G-1S-1S-910x1155-1-e1726501838451.jpg\",\"datePublished\":\"2024-08-06T11:40:06+00:00\",\"dateModified\":\"2024-10-16T07:34:58+00:00\",\"breadcrumb\":{\"@id\":\"https:\/\/wifilab.org\/cs\/product\/mikrotik-ccr1009\/#breadcrumb\"},\"inLanguage\":\"cs\",\"potentialAction\":[{\"@type\":\"ReadAction\",\"target\":[\"https:\/\/wifilab.org\/cs\/product\/mikrotik-ccr1009\/\"]}]},{\"@type\":\"ImageObject\",\"inLanguage\":\"cs\",\"@id\":\"https:\/\/wifilab.org\/cs\/product\/mikrotik-ccr1009\/#primaryimage\",\"url\":\"https:\/\/wifilab.org\/wp-content\/uploads\/2024\/08\/MikroTik-RouterBOARD-Cloud-Core-Router-CCR1009-8G-1S-1S-910x1155-1-e1726501838451.jpg\",\"contentUrl\":\"https:\/\/wifilab.org\/wp-content\/uploads\/2024\/08\/MikroTik-RouterBOARD-Cloud-Core-Router-CCR1009-8G-1S-1S-910x1155-1-e1726501838451.jpg\",\"width\":499,\"height\":499,\"caption\":\"\u041a\u0443\u043f\u0438\u0442\u044c MikroTik-Cloud-Core-Router-CCR1009-8G-1S-1S - WiFiLab\"},{\"@type\":\"BreadcrumbList\",\"@id\":\"https:\/\/wifilab.org\/cs\/product\/mikrotik-ccr1009\/#breadcrumb\",\"itemListElement\":[{\"@type\":\"ListItem\",\"position\":1,\"name\":\"\u0413\u043b\u0430\u0432\u043d\u0430\u044f \u0441\u0442\u0440\u0430\u043d\u0438\u0446\u0430\",\"item\":\"https:\/\/wifilab.org\/cs\/\"},{\"@type\":\"ListItem\",\"position\":2,\"name\":\"Shop\",\"item\":\"https:\/\/wifilab.org\/cs\/shop\/\"},{\"@type\":\"ListItem\",\"position\":3,\"name\":\"\u041a\u0443\u043f\u0438\u0442\u044c Mikrotik CCR 1009-7G-1C-1S+\"}]},{\"@type\":\"WebSite\",\"@id\":\"https:\/\/wifilab.org\/cs\/#website\",\"url\":\"https:\/\/wifilab.org\/cs\/\",\"name\":\"WiFiLab\",\"description\":\"\u041f\u0440\u043e\u0444\u0435\u0441\u0441\u0438\u043e\u043d\u0430\u043b\u044c\u043d\u0430\u044f \u041d\u0430\u0441\u0442\u0440\u043e\u0439\u043a\u0430 Mikrotik, Ubiquiti, Cisco\",\"publisher\":{\"@id\":\"https:\/\/wifilab.org\/cs\/#organization\"},\"potentialAction\":[{\"@type\":\"SearchAction\",\"target\":{\"@type\":\"EntryPoint\",\"urlTemplate\":\"https:\/\/wifilab.org\/cs\/?s={search_term_string}\"},\"query-input\":{\"@type\":\"PropertyValueSpecification\",\"valueRequired\":true,\"valueName\":\"search_term_string\"}}],\"inLanguage\":\"cs\"},{\"@type\":\"Organization\",\"@id\":\"https:\/\/wifilab.org\/cs\/#organization\",\"name\":\"WiFiLab\",\"url\":\"https:\/\/wifilab.org\/cs\/\",\"logo\":{\"@type\":\"ImageObject\",\"inLanguage\":\"cs\",\"@id\":\"https:\/\/wifilab.org\/cs\/#\/schema\/logo\/image\/\",\"url\":\"https:\/\/i0.wp.com\/wifilab.org\/wp-content\/uploads\/2018\/08\/Logo-2.png?fit=611%2C131&ssl=1\",\"contentUrl\":\"https:\/\/i0.wp.com\/wifilab.org\/wp-content\/uploads\/2018\/08\/Logo-2.png?fit=611%2C131&ssl=1\",\"width\":611,\"height\":131,\"caption\":\"WiFiLab\"},\"image\":{\"@id\":\"https:\/\/wifilab.org\/cs\/#\/schema\/logo\/image\/\"},\"sameAs\":[\"https:\/\/t.me\/wifilab\"]}]}<\/script>\n<!-- \/ Yoast SEO Premium plugin. -->","yoast_head_json":{"title":"\u041a\u0443\u043f\u0438\u0442\u044c Mikrotik CCR 1009-7G-1C-1S+ - WiFiLab","robots":{"index":"index","follow":"follow","max-snippet":"max-snippet:-1","max-image-preview":"max-image-preview:large","max-video-preview":"max-video-preview:-1"},"og_locale":"cs_CZ","og_type":"article","og_title":"\u041a\u0443\u043f\u0438\u0442\u044c Mikrotik CCR 1009-7G-1C-1S+","og_description":"\u041f\u0440\u043e\u0446\u0435\u0441\u0441\u043e\u0440: 9-\u044f\u0434\u0435\u0440\u043d\u044b\u0439 1.2 \u0413\u0413\u0446 \u043d\u0430 \u043a\u0430\u0436\u0434\u043e\u0435 \u044f\u0434\u0440\u043e  \u041e\u043f\u0435\u0440\u0430\u0442\u0438\u0432\u043d\u0430\u044f \u043f\u0430\u043c\u044f\u0442\u044c: 2 \u0413\u0411  NAND \u043f\u0430\u043c\u044f\u0442\u044c: 128 M\u0411  \u0418\u043d\u0442\u0435\u0440\u0444\u0435\u0439\u0441\u044b:   7 \u00d7 1 \u0413\u0431\u0438\u0442\/\u0441 Ethernet  1 \u00d7 Ethernet\/SFP combo \u043f\u043e\u0440\u0442  1 \u00d7 SFP+ \u043f\u043e\u0440\u0442  1 \u00d7 microUSB \u043f\u043e\u0440\u0442  1 \u00d7 microSD \u0441\u043b\u043e\u0442  1 \u00d7 smart card \u0441\u043b\u043e\u0442  1 \u00d7 COM \u043f\u043e\u0440\u0442","og_url":"https:\/\/wifilab.org\/cs\/product\/mikrotik-ccr1009\/","og_site_name":"WiFiLab","article_modified_time":"2024-10-16T07:34:58+00:00","og_image":[{"width":499,"height":499,"url":"https:\/\/i0.wp.com\/wifilab.org\/wp-content\/uploads\/2024\/08\/MikroTik-RouterBOARD-Cloud-Core-Router-CCR1009-8G-1S-1S-910x1155-1-e1726501838451.jpg?fit=499%2C499&ssl=1","type":"image\/jpeg"}],"twitter_card":"summary_large_image","twitter_misc":{"Odhadovan\u00e1 doba \u010dten\u00ed":"3 minuty"},"schema":{"@context":"https:\/\/schema.org","@graph":[{"@type":"WebPage","@id":"https:\/\/wifilab.org\/cs\/product\/mikrotik-ccr1009\/","url":"https:\/\/wifilab.org\/cs\/product\/mikrotik-ccr1009\/","name":"\u041a\u0443\u043f\u0438\u0442\u044c Mikrotik CCR 1009-7G-1C-1S+ - WiFiLab","isPartOf":{"@id":"https:\/\/wifilab.org\/cs\/#website"},"primaryImageOfPage":{"@id":"https:\/\/wifilab.org\/cs\/product\/mikrotik-ccr1009\/#primaryimage"},"image":{"@id":"https:\/\/wifilab.org\/cs\/product\/mikrotik-ccr1009\/#primaryimage"},"thumbnailUrl":"https:\/\/wifilab.org\/wp-content\/uploads\/2024\/08\/MikroTik-RouterBOARD-Cloud-Core-Router-CCR1009-8G-1S-1S-910x1155-1-e1726501838451.jpg","datePublished":"2024-08-06T11:40:06+00:00","dateModified":"2024-10-16T07:34:58+00:00","breadcrumb":{"@id":"https:\/\/wifilab.org\/cs\/product\/mikrotik-ccr1009\/#breadcrumb"},"inLanguage":"cs","potentialAction":[{"@type":"ReadAction","target":["https:\/\/wifilab.org\/cs\/product\/mikrotik-ccr1009\/"]}]},{"@type":"ImageObject","inLanguage":"cs","@id":"https:\/\/wifilab.org\/cs\/product\/mikrotik-ccr1009\/#primaryimage","url":"https:\/\/wifilab.org\/wp-content\/uploads\/2024\/08\/MikroTik-RouterBOARD-Cloud-Core-Router-CCR1009-8G-1S-1S-910x1155-1-e1726501838451.jpg","contentUrl":"https:\/\/wifilab.org\/wp-content\/uploads\/2024\/08\/MikroTik-RouterBOARD-Cloud-Core-Router-CCR1009-8G-1S-1S-910x1155-1-e1726501838451.jpg","width":499,"height":499,"caption":"\u041a\u0443\u043f\u0438\u0442\u044c MikroTik-Cloud-Core-Router-CCR1009-8G-1S-1S - WiFiLab"},{"@type":"BreadcrumbList","@id":"https:\/\/wifilab.org\/cs\/product\/mikrotik-ccr1009\/#breadcrumb","itemListElement":[{"@type":"ListItem","position":1,"name":"\u0413\u043b\u0430\u0432\u043d\u0430\u044f \u0441\u0442\u0440\u0430\u043d\u0438\u0446\u0430","item":"https:\/\/wifilab.org\/cs\/"},{"@type":"ListItem","position":2,"name":"Shop","item":"https:\/\/wifilab.org\/cs\/shop\/"},{"@type":"ListItem","position":3,"name":"\u041a\u0443\u043f\u0438\u0442\u044c Mikrotik CCR 1009-7G-1C-1S+"}]},{"@type":"WebSite","@id":"https:\/\/wifilab.org\/cs\/#website","url":"https:\/\/wifilab.org\/cs\/","name":"WiFiLab","description":"\u041f\u0440\u043e\u0444\u0435\u0441\u0441\u0438\u043e\u043d\u0430\u043b\u044c\u043d\u0430\u044f \u041d\u0430\u0441\u0442\u0440\u043e\u0439\u043a\u0430 Mikrotik, Ubiquiti, Cisco","publisher":{"@id":"https:\/\/wifilab.org\/cs\/#organization"},"potentialAction":[{"@type":"SearchAction","target":{"@type":"EntryPoint","urlTemplate":"https:\/\/wifilab.org\/cs\/?s={search_term_string}"},"query-input":{"@type":"PropertyValueSpecification","valueRequired":true,"valueName":"search_term_string"}}],"inLanguage":"cs"},{"@type":"Organization","@id":"https:\/\/wifilab.org\/cs\/#organization","name":"WiFiLab","url":"https:\/\/wifilab.org\/cs\/","logo":{"@type":"ImageObject","inLanguage":"cs","@id":"https:\/\/wifilab.org\/cs\/#\/schema\/logo\/image\/","url":"https:\/\/i0.wp.com\/wifilab.org\/wp-content\/uploads\/2018\/08\/Logo-2.png?fit=611%2C131&ssl=1","contentUrl":"https:\/\/i0.wp.com\/wifilab.org\/wp-content\/uploads\/2018\/08\/Logo-2.png?fit=611%2C131&ssl=1","width":611,"height":131,"caption":"WiFiLab"},"image":{"@id":"https:\/\/wifilab.org\/cs\/#\/schema\/logo\/image\/"},"sameAs":["https:\/\/t.me\/wifilab"]}]}},"jetpack_sharing_enabled":true,"_links":{"self":[{"href":"https:\/\/wifilab.org\/cs\/wp-json\/wp\/v2\/product\/19678","targetHints":{"allow":["GET"]}}],"collection":[{"href":"https:\/\/wifilab.org\/cs\/wp-json\/wp\/v2\/product"}],"about":[{"href":"https:\/\/wifilab.org\/cs\/wp-json\/wp\/v2\/types\/product"}],"replies":[{"embeddable":true,"href":"https:\/\/wifilab.org\/cs\/wp-json\/wp\/v2\/comments?post=19678"}],"version-history":[{"count":0,"href":"https:\/\/wifilab.org\/cs\/wp-json\/wp\/v2\/product\/19678\/revisions"}],"wp:featuredmedia":[{"embeddable":true,"href":"https:\/\/wifilab.org\/cs\/wp-json\/wp\/v2\/media\/19679"}],"wp:attachment":[{"href":"https:\/\/wifilab.org\/cs\/wp-json\/wp\/v2\/media?parent=19678"}],"wp:term":[{"taxonomy":"product_cat","embeddable":true,"href":"https:\/\/wifilab.org\/cs\/wp-json\/wp\/v2\/product_cat?post=19678"},{"taxonomy":"product_tag","embeddable":true,"href":"https:\/\/wifilab.org\/cs\/wp-json\/wp\/v2\/product_tag?post=19678"}],"curies":[{"name":"wp","href":"https:\/\/api.w.org\/{rel}","templated":true}]}}