{"id":26941,"date":"2024-09-16T19:04:46","date_gmt":"2024-09-16T16:04:46","guid":{"rendered":"https:\/\/wifilab.org\/product\/koupit-mikrotik-hap-ac-rb962uigs-5hact2hnt\/"},"modified":"2025-04-27T19:23:35","modified_gmt":"2025-04-27T16:23:35","slug":"koupit-mikrotik-hap-ac-rb962uigs-5hact2hnt","status":"publish","type":"product","link":"https:\/\/wifilab.org\/cs\/product\/koupit-mikrotik-hap-ac-rb962uigs-5hact2hnt\/","title":{"rendered":"Koupit MikroTik hAP ac (RB962UiGS-5HacT2HnT)"},"content":{"rendered":"<h3>Koupit MikroTik hAP ac (RB962UiGS-5HacT2HnT)<\/h3>\n<p>MikroTik hAP ac (model RB962UiGS-5HacT2HnT) je dvoup\u00e1smov\u00fd Wi-Fi router, kter\u00fd nab\u00edz\u00ed 5 gigabitov\u00fdch s\u00ed\u0165ov\u00fdch port\u016f, SFP port pro p\u0159ipojen\u00ed optick\u00fdch vl\u00e1ken a USB port pro p\u0159ipojen\u00ed 4G modem\u016f. Tento sm\u011brova\u010d vynik\u00e1 portem SFP, kter\u00fd umo\u017e\u0148uje p\u0159ipojen\u00ed optiky prost\u0159ednictv\u00edm modulu SFP. Gigabitov\u00e9 s\u00ed\u0165ov\u00e9 porty a standard Wi-Fi 802.11ac zaji\u0161\u0165uj\u00ed vynikaj\u00edc\u00ed v\u00fdkon za\u0159\u00edzen\u00ed. Frekvence 5 GHz umo\u017e\u0148uje m\u00e9n\u011b p\u0159et\u00ed\u017een\u00fd r\u00e1diov\u00fd form\u00e1t s vysokou rychlost\u00ed p\u0159enosu dat. MikroTik hAP ac proto bude skv\u011blou volbou pro gigabitov\u00fd internet v byt\u011b i kancel\u00e1\u0159i. Krom\u011b toho lze za\u0159\u00edzen\u00ed pou\u017e\u00edt jako dvoup\u00e1smov\u00fd zesilova\u010d Wi-Fi sign\u00e1lu (repeater). MikroTik bude p\u0159ij\u00edmat sign\u00e1l z hlavn\u00edho routeru na frekvenc\u00edch 2,4 a 5 GHz, zesilovat jej a vys\u00edlat d\u00e1le. Sm\u011brova\u010d je vhodn\u00fd pro zes\u00edlen\u00ed sign\u00e1lu Wi-Fi v jednom pat\u0159e nebo mezi patry. V\u00edce informac\u00ed o nastaven\u00ed v re\u017eimu opakova\u010de si m\u016f\u017eete p\u0159e\u010d\u00edst v \u010dl\u00e1nku &#8222;Nastaven\u00ed MikroTiku v re\u017eimu opakova\u010de&#8220;.<\/p>\n<p><img decoding=\"async\" class=\"aligncenter\" src=\"https:\/\/www.technotrade.com.ua\/userfiles\/images\/MikroTik_hAP_ac\/MikroTik-hAP-ac-ports.jpg\" alt=\"Porti MikroTik hAP ac (model RB962UiGS-5HacT2HnT)\"><\/p>\n<p>Sm\u011brova\u010d podporuje nap\u00e1jen\u00ed prost\u0159ednictv\u00edm nap\u00e1jec\u00ed jednotky i 1. s\u00ed\u0165ov\u00e9ho portu pomoc\u00ed technologie Passive POE. P\u00e1t\u00fd s\u00ed\u0165ov\u00fd port lze pou\u017e\u00edt k nap\u00e1jen\u00ed 24V 0,5A jin\u00e9ho za\u0159\u00edzen\u00ed, nap\u0159\u00edklad p\u0159\u00edstupov\u00e9ho bodu MikroTik Wi-Fi v jin\u00e9 m\u00edstnosti nebo venku. Na t\u011ble routeru je um\u00edst\u011bn port USB 2.0 pln\u00e9 velikosti pro p\u0159ipojen\u00ed extern\u00edch \u00falo\u017en\u00fdch za\u0159\u00edzen\u00ed nebo 3G\/4G modem\u016f. P\u0159ed pou\u017eit\u00edm modemu se ujist\u011bte, \u017ee je v\u00e1\u0161 model uveden v seznamu kompatibiln\u00edch 3G USB modem\u016f. Opera\u010dn\u00ed syst\u00e9m RouterOS Level4, kter\u00fd \u0159\u00edd\u00ed sm\u011brova\u010d, umo\u017e\u0148uje nastavit omezen\u00ed rychlosti internetu, blokovat p\u0159\u00edstup k ur\u010dit\u00fdm web\u016fm nebo soci\u00e1ln\u00edm s\u00edt\u00edm, omezit stahov\u00e1n\u00ed torrent\u016f, nastavit p\u0159ipojen\u00ed VPN, organizovat HotSpot a pou\u017e\u00edvat sm\u011brova\u010d se dv\u011bma poskytovateli internetu sou\u010dasn\u011b. Pokud pot\u0159ebujete v\u00fdkonn\u00fd a rychl\u00fd dvoup\u00e1smov\u00fd Wi-Fi router, nenechte si uj\u00edt p\u0159\u00edle\u017eitost <strong>koupit MikroTik hAP ac (RB962UiGS-5HacT2HnT)<\/strong>! <\/p>\n<h3>Charakteristika<\/h3>\n<ul>\n<li>Procesor: Qualcomm Atheros QCA9558 720 MHz<\/li>\n<li>PAM\u011a\u0164 RAM: 128 MB<\/li>\n<li>P\u0159\u00edstavy:\n<ul>\n<li>5 \u00d7 10\/100\/1000 Mb\/s LAN (1. port s PoE In, 5. port s PoE Out)<\/li>\n<li>1 \u00d7 USB 2.0 pln\u00e9 velikosti typu A, 700 mA<\/li>\n<li>1 \u00d7 SFP<\/li>\n<\/ul>\n<\/li>\n<li>Opera\u010dn\u00ed syst\u00e9m: MikroTik RouterOS Level4<\/li>\n<\/ul>\n<p><strong>P\u0159\u00edstupov\u00fd bod<\/strong><\/p>\n<ul>\n<li>Frekvence: 2,4 GHz \/ 5 GHz<\/li>\n<li>Standardy: IEEE 802.11 a\/b\/g\/n\/ac<\/li>\n<li>Rychlost kan\u00e1lu: 450 Mb\/s na 2,4 GHz \/ 1300 Mb\/s na 5 GHz<\/li>\n<li>Ant\u00e9na:\n<ul>\n<li>3 \u00d7 v\u0161esm\u011brov\u00e9 ant\u00e9ny na frekvenci 2,4 GHz<\/li>\n<li>3 \u00d7 v\u0161esm\u011brov\u00e9 ant\u00e9ny na frekvenci 5 GHz<\/li>\n<\/ul>\n<\/li>\n<li>Zisk ant\u00e9ny: 2,5 dBi na 2,4 GHz \/ 2 dBi na 5 GHz<\/li>\n<\/ul>\n<p><strong>Dal\u0161\u00ed funkce<\/strong><\/p>\n<ul>\n<li>Spr\u00e1va za\u0159\u00edzen\u00ed: WEB rozhran\u00ed, Winbox, Telnet, SSH<\/li>\n<\/ul>\n<p><strong>Dal\u0161\u00ed<\/strong><\/p>\n<ul>\n<li>Nap\u00e1jen\u00ed:\n<ul>\n<li>PoE na portu Ethernet 1: 11..57 V DC (standardn\u00ed pasivn\u00ed PoE v\u00fdstupy +4,5 a -7,8, nepodporuje 802.3af) <\/li>\n<li>V\u00fdstup PoE na portu Ethernet 5: 24 V DC (standardn\u00ed pasivn\u00ed v\u00fdstupy PoE +4,5 a -7,8, nepodporuje 802.3af). Maxim\u00e1ln\u00ed proud 0,5 A. <\/li>\n<li>Konektor: 11..57 V DC <\/li>\n<\/ul>\n<\/li>\n<li>Spot\u0159eba: a\u017e 17 W<\/li>\n<li>Rozm\u011bry: 114 \u00d7 137 \u00d7 29 mm<\/li>\n<li>Hmotnost: 232 g<\/li>\n<li>Provozn\u00ed teplota: -30\u00b0C a\u017e +70\u00b0C<\/li>\n<\/ul>\n<p>&nbsp;<\/p>\n","protected":false},"excerpt":{"rendered":"<ul>\n<li>Frekvence Wi-Fi: 2,4 i 5 GHz<\/li>\n<li>Rychlost Wi-Fi: <strong>450<\/strong> a <strong>1300<\/strong> Mb\/s (standard AC &#8211; 1300 Mb\/s, standard N &#8211; 450 Mb\/s)<\/li>\n<li>Frekvence procesoru: 720 MHz<\/li>\n<li>PAM\u011a\u0164 RAM: 128 MB<\/li>\n<li>Porty:\n<ul>\n<li>5 \u00d7 1 Gbit\/s LAN<\/li>\n<li>1 \u00d7 SFP<\/li>\n<li>1 \u00d7 USB 2.0 (pln\u00e1 velikost)<\/li>\n<\/ul>\n<\/li>\n<li>\n<\/li>\n<\/ul>\n","protected":false},"featured_media":20926,"comment_status":"open","ping_status":"closed","template":"","meta":[],"product_cat":[239,240,200],"product_tag":[241],"class_list":{"0":"post-26941","1":"product","2":"type-product","3":"status-publish","4":"has-post-thumbnail","6":"product_cat-smerovace","7":"product_cat-smerovace-mikrotik","8":"product_cat-buy_network_equipment_mikrotik_cs","9":"product_tag-smerovace","10":"product_shipping_class-trida-1","12":"first","13":"instock","14":"shipping-taxable","15":"purchasable","16":"product-type-simple"},"yoast_head":"<!-- This site is optimized with the Yoast SEO Premium plugin v24.2 (Yoast SEO v24.2) - https:\/\/yoast.com\/wordpress\/plugins\/seo\/ -->\n<title>Koupit MikroTik hAP ac (RB962UiGS-5HacT2HnT) - WiFiLab<\/title>\n<meta name=\"description\" content=\"Zde si m\u016f\u017eete koupit MikroTik hAP ac (RB962UiGS-5HacT2HnT) za nejlep\u0161\u00ed cenu. Ofici\u00e1ln\u00ed z\u00e1ruka. 14 dn\u00ed na vr\u00e1cen\u00ed. Asistence p\u0159i v\u00fdb\u011bru!\" \/>\n<meta name=\"robots\" content=\"index, follow, max-snippet:-1, max-image-preview:large, max-video-preview:-1\" \/>\n<meta property=\"og:locale\" content=\"cs_CZ\" \/>\n<meta property=\"og:type\" content=\"article\" \/>\n<meta property=\"og:title\" content=\"Koupit MikroTik hAP ac (RB962UiGS-5HacT2HnT)\" \/>\n<meta property=\"og:description\" content=\"Zde si m\u016f\u017eete koupit MikroTik hAP ac (RB962UiGS-5HacT2HnT) za nejlep\u0161\u00ed cenu. Ofici\u00e1ln\u00ed z\u00e1ruka. 14 dn\u00ed na vr\u00e1cen\u00ed. Asistence p\u0159i v\u00fdb\u011bru!\" \/>\n<meta property=\"og:url\" content=\"https:\/\/wifilab.org\/cs\/product\/koupit-mikrotik-hap-ac-rb962uigs-5hact2hnt\/\" \/>\n<meta property=\"og:site_name\" content=\"WiFiLab\" \/>\n<meta property=\"article:modified_time\" content=\"2025-04-27T16:23:35+00:00\" \/>\n<meta property=\"og:image\" content=\"https:\/\/wifilab.org\/wp-content\/uploads\/2024\/09\/MikroTik_hap_ac.jpg\" \/>\n\t<meta property=\"og:image:width\" content=\"500\" \/>\n\t<meta property=\"og:image:height\" content=\"500\" \/>\n\t<meta property=\"og:image:type\" content=\"image\/jpeg\" \/>\n<meta name=\"twitter:card\" content=\"summary_large_image\" \/>\n<meta name=\"twitter:label1\" content=\"Odhadovan\u00e1 doba \u010dten\u00ed\" \/>\n\t<meta name=\"twitter:data1\" content=\"3 minuty\" \/>\n<script type=\"application\/ld+json\" class=\"yoast-schema-graph\">{\"@context\":\"https:\/\/schema.org\",\"@graph\":[{\"@type\":\"WebPage\",\"@id\":\"https:\/\/wifilab.org\/cs\/product\/koupit-mikrotik-hap-ac-rb962uigs-5hact2hnt\/\",\"url\":\"https:\/\/wifilab.org\/cs\/product\/koupit-mikrotik-hap-ac-rb962uigs-5hact2hnt\/\",\"name\":\"Koupit MikroTik hAP ac (RB962UiGS-5HacT2HnT) - WiFiLab\",\"isPartOf\":{\"@id\":\"https:\/\/wifilab.org\/cs\/#website\"},\"primaryImageOfPage\":{\"@id\":\"https:\/\/wifilab.org\/cs\/product\/koupit-mikrotik-hap-ac-rb962uigs-5hact2hnt\/#primaryimage\"},\"image\":{\"@id\":\"https:\/\/wifilab.org\/cs\/product\/koupit-mikrotik-hap-ac-rb962uigs-5hact2hnt\/#primaryimage\"},\"thumbnailUrl\":\"https:\/\/wifilab.org\/wp-content\/uploads\/2024\/09\/MikroTik_hap_ac.jpg\",\"datePublished\":\"2024-09-16T16:04:46+00:00\",\"dateModified\":\"2025-04-27T16:23:35+00:00\",\"description\":\"Zde si m\u016f\u017eete koupit MikroTik hAP ac (RB962UiGS-5HacT2HnT) za nejlep\u0161\u00ed cenu. Ofici\u00e1ln\u00ed z\u00e1ruka. 14 dn\u00ed na vr\u00e1cen\u00ed. Asistence p\u0159i v\u00fdb\u011bru!\",\"breadcrumb\":{\"@id\":\"https:\/\/wifilab.org\/cs\/product\/koupit-mikrotik-hap-ac-rb962uigs-5hact2hnt\/#breadcrumb\"},\"inLanguage\":\"cs\",\"potentialAction\":[{\"@type\":\"ReadAction\",\"target\":[\"https:\/\/wifilab.org\/cs\/product\/koupit-mikrotik-hap-ac-rb962uigs-5hact2hnt\/\"]}]},{\"@type\":\"ImageObject\",\"inLanguage\":\"cs\",\"@id\":\"https:\/\/wifilab.org\/cs\/product\/koupit-mikrotik-hap-ac-rb962uigs-5hact2hnt\/#primaryimage\",\"url\":\"https:\/\/wifilab.org\/wp-content\/uploads\/2024\/09\/MikroTik_hap_ac.jpg\",\"contentUrl\":\"https:\/\/wifilab.org\/wp-content\/uploads\/2024\/09\/MikroTik_hap_ac.jpg\",\"width\":500,\"height\":500,\"caption\":\"\u041a\u0443\u043f\u0438\u0442\u044c MikroTik hap AC - WiFiLab\"},{\"@type\":\"BreadcrumbList\",\"@id\":\"https:\/\/wifilab.org\/cs\/product\/koupit-mikrotik-hap-ac-rb962uigs-5hact2hnt\/#breadcrumb\",\"itemListElement\":[{\"@type\":\"ListItem\",\"position\":1,\"name\":\"\u0413\u043b\u0430\u0432\u043d\u0430\u044f \u0441\u0442\u0440\u0430\u043d\u0438\u0446\u0430\",\"item\":\"https:\/\/wifilab.org\/cs\/\"},{\"@type\":\"ListItem\",\"position\":2,\"name\":\"Shop\",\"item\":\"https:\/\/wifilab.org\/cs\/shop\/\"},{\"@type\":\"ListItem\",\"position\":3,\"name\":\"Koupit MikroTik hAP ac (RB962UiGS-5HacT2HnT)\"}]},{\"@type\":\"WebSite\",\"@id\":\"https:\/\/wifilab.org\/cs\/#website\",\"url\":\"https:\/\/wifilab.org\/cs\/\",\"name\":\"WiFiLab\",\"description\":\"\u041f\u0440\u043e\u0444\u0435\u0441\u0441\u0438\u043e\u043d\u0430\u043b\u044c\u043d\u0430\u044f \u041d\u0430\u0441\u0442\u0440\u043e\u0439\u043a\u0430 Mikrotik, Ubiquiti, Cisco\",\"publisher\":{\"@id\":\"https:\/\/wifilab.org\/cs\/#organization\"},\"potentialAction\":[{\"@type\":\"SearchAction\",\"target\":{\"@type\":\"EntryPoint\",\"urlTemplate\":\"https:\/\/wifilab.org\/cs\/?s={search_term_string}\"},\"query-input\":{\"@type\":\"PropertyValueSpecification\",\"valueRequired\":true,\"valueName\":\"search_term_string\"}}],\"inLanguage\":\"cs\"},{\"@type\":\"Organization\",\"@id\":\"https:\/\/wifilab.org\/cs\/#organization\",\"name\":\"WiFiLab\",\"url\":\"https:\/\/wifilab.org\/cs\/\",\"logo\":{\"@type\":\"ImageObject\",\"inLanguage\":\"cs\",\"@id\":\"https:\/\/wifilab.org\/cs\/#\/schema\/logo\/image\/\",\"url\":\"https:\/\/i0.wp.com\/wifilab.org\/wp-content\/uploads\/2018\/08\/Logo-2.png?fit=611%2C131&ssl=1\",\"contentUrl\":\"https:\/\/i0.wp.com\/wifilab.org\/wp-content\/uploads\/2018\/08\/Logo-2.png?fit=611%2C131&ssl=1\",\"width\":611,\"height\":131,\"caption\":\"WiFiLab\"},\"image\":{\"@id\":\"https:\/\/wifilab.org\/cs\/#\/schema\/logo\/image\/\"},\"sameAs\":[\"https:\/\/t.me\/wifilab\"]}]}<\/script>\n<!-- \/ Yoast SEO Premium plugin. -->","yoast_head_json":{"title":"Koupit MikroTik hAP ac (RB962UiGS-5HacT2HnT) - WiFiLab","description":"Zde si m\u016f\u017eete koupit MikroTik hAP ac (RB962UiGS-5HacT2HnT) za nejlep\u0161\u00ed cenu. Ofici\u00e1ln\u00ed z\u00e1ruka. 14 dn\u00ed na vr\u00e1cen\u00ed. Asistence p\u0159i v\u00fdb\u011bru!","robots":{"index":"index","follow":"follow","max-snippet":"max-snippet:-1","max-image-preview":"max-image-preview:large","max-video-preview":"max-video-preview:-1"},"og_locale":"cs_CZ","og_type":"article","og_title":"Koupit MikroTik hAP ac (RB962UiGS-5HacT2HnT)","og_description":"Zde si m\u016f\u017eete koupit MikroTik hAP ac (RB962UiGS-5HacT2HnT) za nejlep\u0161\u00ed cenu. Ofici\u00e1ln\u00ed z\u00e1ruka. 14 dn\u00ed na vr\u00e1cen\u00ed. Asistence p\u0159i v\u00fdb\u011bru!","og_url":"https:\/\/wifilab.org\/cs\/product\/koupit-mikrotik-hap-ac-rb962uigs-5hact2hnt\/","og_site_name":"WiFiLab","article_modified_time":"2025-04-27T16:23:35+00:00","og_image":[{"width":500,"height":500,"url":"https:\/\/wifilab.org\/wp-content\/uploads\/2024\/09\/MikroTik_hap_ac.jpg","type":"image\/jpeg"}],"twitter_card":"summary_large_image","twitter_misc":{"Odhadovan\u00e1 doba \u010dten\u00ed":"3 minuty"},"schema":{"@context":"https:\/\/schema.org","@graph":[{"@type":"WebPage","@id":"https:\/\/wifilab.org\/cs\/product\/koupit-mikrotik-hap-ac-rb962uigs-5hact2hnt\/","url":"https:\/\/wifilab.org\/cs\/product\/koupit-mikrotik-hap-ac-rb962uigs-5hact2hnt\/","name":"Koupit MikroTik hAP ac (RB962UiGS-5HacT2HnT) - WiFiLab","isPartOf":{"@id":"https:\/\/wifilab.org\/cs\/#website"},"primaryImageOfPage":{"@id":"https:\/\/wifilab.org\/cs\/product\/koupit-mikrotik-hap-ac-rb962uigs-5hact2hnt\/#primaryimage"},"image":{"@id":"https:\/\/wifilab.org\/cs\/product\/koupit-mikrotik-hap-ac-rb962uigs-5hact2hnt\/#primaryimage"},"thumbnailUrl":"https:\/\/wifilab.org\/wp-content\/uploads\/2024\/09\/MikroTik_hap_ac.jpg","datePublished":"2024-09-16T16:04:46+00:00","dateModified":"2025-04-27T16:23:35+00:00","description":"Zde si m\u016f\u017eete koupit MikroTik hAP ac (RB962UiGS-5HacT2HnT) za nejlep\u0161\u00ed cenu. Ofici\u00e1ln\u00ed z\u00e1ruka. 14 dn\u00ed na vr\u00e1cen\u00ed. Asistence p\u0159i v\u00fdb\u011bru!","breadcrumb":{"@id":"https:\/\/wifilab.org\/cs\/product\/koupit-mikrotik-hap-ac-rb962uigs-5hact2hnt\/#breadcrumb"},"inLanguage":"cs","potentialAction":[{"@type":"ReadAction","target":["https:\/\/wifilab.org\/cs\/product\/koupit-mikrotik-hap-ac-rb962uigs-5hact2hnt\/"]}]},{"@type":"ImageObject","inLanguage":"cs","@id":"https:\/\/wifilab.org\/cs\/product\/koupit-mikrotik-hap-ac-rb962uigs-5hact2hnt\/#primaryimage","url":"https:\/\/wifilab.org\/wp-content\/uploads\/2024\/09\/MikroTik_hap_ac.jpg","contentUrl":"https:\/\/wifilab.org\/wp-content\/uploads\/2024\/09\/MikroTik_hap_ac.jpg","width":500,"height":500,"caption":"\u041a\u0443\u043f\u0438\u0442\u044c MikroTik hap AC - WiFiLab"},{"@type":"BreadcrumbList","@id":"https:\/\/wifilab.org\/cs\/product\/koupit-mikrotik-hap-ac-rb962uigs-5hact2hnt\/#breadcrumb","itemListElement":[{"@type":"ListItem","position":1,"name":"\u0413\u043b\u0430\u0432\u043d\u0430\u044f \u0441\u0442\u0440\u0430\u043d\u0438\u0446\u0430","item":"https:\/\/wifilab.org\/cs\/"},{"@type":"ListItem","position":2,"name":"Shop","item":"https:\/\/wifilab.org\/cs\/shop\/"},{"@type":"ListItem","position":3,"name":"Koupit MikroTik hAP ac (RB962UiGS-5HacT2HnT)"}]},{"@type":"WebSite","@id":"https:\/\/wifilab.org\/cs\/#website","url":"https:\/\/wifilab.org\/cs\/","name":"WiFiLab","description":"\u041f\u0440\u043e\u0444\u0435\u0441\u0441\u0438\u043e\u043d\u0430\u043b\u044c\u043d\u0430\u044f \u041d\u0430\u0441\u0442\u0440\u043e\u0439\u043a\u0430 Mikrotik, Ubiquiti, Cisco","publisher":{"@id":"https:\/\/wifilab.org\/cs\/#organization"},"potentialAction":[{"@type":"SearchAction","target":{"@type":"EntryPoint","urlTemplate":"https:\/\/wifilab.org\/cs\/?s={search_term_string}"},"query-input":{"@type":"PropertyValueSpecification","valueRequired":true,"valueName":"search_term_string"}}],"inLanguage":"cs"},{"@type":"Organization","@id":"https:\/\/wifilab.org\/cs\/#organization","name":"WiFiLab","url":"https:\/\/wifilab.org\/cs\/","logo":{"@type":"ImageObject","inLanguage":"cs","@id":"https:\/\/wifilab.org\/cs\/#\/schema\/logo\/image\/","url":"https:\/\/i0.wp.com\/wifilab.org\/wp-content\/uploads\/2018\/08\/Logo-2.png?fit=611%2C131&ssl=1","contentUrl":"https:\/\/i0.wp.com\/wifilab.org\/wp-content\/uploads\/2018\/08\/Logo-2.png?fit=611%2C131&ssl=1","width":611,"height":131,"caption":"WiFiLab"},"image":{"@id":"https:\/\/wifilab.org\/cs\/#\/schema\/logo\/image\/"},"sameAs":["https:\/\/t.me\/wifilab"]}]}},"jetpack_sharing_enabled":true,"_links":{"self":[{"href":"https:\/\/wifilab.org\/cs\/wp-json\/wp\/v2\/product\/26941","targetHints":{"allow":["GET"]}}],"collection":[{"href":"https:\/\/wifilab.org\/cs\/wp-json\/wp\/v2\/product"}],"about":[{"href":"https:\/\/wifilab.org\/cs\/wp-json\/wp\/v2\/types\/product"}],"replies":[{"embeddable":true,"href":"https:\/\/wifilab.org\/cs\/wp-json\/wp\/v2\/comments?post=26941"}],"version-history":[{"count":0,"href":"https:\/\/wifilab.org\/cs\/wp-json\/wp\/v2\/product\/26941\/revisions"}],"wp:featuredmedia":[{"embeddable":true,"href":"https:\/\/wifilab.org\/cs\/wp-json\/wp\/v2\/media\/20926"}],"wp:attachment":[{"href":"https:\/\/wifilab.org\/cs\/wp-json\/wp\/v2\/media?parent=26941"}],"wp:term":[{"taxonomy":"product_cat","embeddable":true,"href":"https:\/\/wifilab.org\/cs\/wp-json\/wp\/v2\/product_cat?post=26941"},{"taxonomy":"product_tag","embeddable":true,"href":"https:\/\/wifilab.org\/cs\/wp-json\/wp\/v2\/product_tag?post=26941"}],"curies":[{"name":"wp","href":"https:\/\/api.w.org\/{rel}","templated":true}]}}