{"id":20908,"date":"2024-09-16T18:19:21","date_gmt":"2024-09-16T15:19:21","guid":{"rendered":"http:\/\/wifilab.org\/?post_type=product&#038;p=20908"},"modified":"2024-09-23T15:20:33","modified_gmt":"2024-09-23T12:20:33","slug":"mikrotik-ccr-2004-16g-2s","status":"publish","type":"product","link":"https:\/\/wifilab.org\/en\/product\/mikrotik-ccr-2004-16g-2s\/","title":{"rendered":"\u041a\u0443\u043f\u0438\u0442\u044c MikroTik CCR2004-16G-2S+"},"content":{"rendered":"<p align=\"justify\"><strong>MikroTik CCR2004-16G-2S+<\/strong>\u00a0\u2014\u00a0\u0446\u0435 \u0440\u043e\u0443\u0442\u0435\u0440 \u043d\u0430\u00a0<strong>16\u00a0\u0433\u0456\u0433\u0430\u0431\u0456\u0442\u043d\u0438\u0445 Ethernet<\/strong>\u00a0\u043f\u043e\u0440\u0442\u0456\u0432,\u00a0<strong>2\u00a0SFP+<\/strong>\u00a0\u043f\u043e\u0440\u0442\u0438 \u0434\u043b\u044f \u043f\u0456\u0434&#8217;\u0454\u0434\u043d\u0430\u043d\u043d\u044f \u043e\u043f\u0442\u0438\u043a\u0438, \u0442\u0430\u00a0<strong>1\u00a0USB\u00a03.0<\/strong>\u00a0\u043f\u043e\u0440\u0442 \u0434\u043b\u044f \u043f\u0456\u0434&#8217;\u0454\u0434\u043d\u0430\u043d\u043d\u044f 3G\/4G \u043c\u043e\u0434\u0435\u043c\u0443 \u0430\u0431\u043e \u0437\u043e\u0432\u043d\u0456\u0448\u043d\u044c\u043e\u0433\u043e \u043d\u0430\u043a\u043e\u043f\u0438\u0447\u0443\u0432\u0430\u0447\u0430. \u041f\u0440\u0438\u0441\u0442\u0440\u0456\u0439 \u043f\u0456\u0434\u0442\u0440\u0438\u043c\u0443\u0454 \u0430\u043f\u0430\u0440\u0430\u0442\u043d\u0435 \u043f\u0440\u0438\u0441\u043a\u043e\u0440\u0435\u043d\u043d\u044f\u00a0<strong>IPsec<\/strong>. \u0417\u0430\u0441\u0442\u043e\u0441\u043e\u0432\u0443\u0454\u0442\u044c\u0441\u044f \u0432 \u043c\u0435\u0440\u0435\u0436\u0430\u0445 \u0437 \u043a\u0456\u043b\u044c\u043a\u0456\u0441\u0442\u044e \u0430\u0431\u043e\u043d\u0435\u043d\u0442\u0456\u0432\u00a0<strong>\u0434\u043e\u00a0600\u00a0\u043e\u0441\u0456\u0431<\/strong>\u00a0\u0442\u0430 \u0434\u043b\u044f \u043e\u0440\u0433\u0430\u043d\u0456\u0437\u0430\u0446\u0456\u0457 \u0448\u0432\u0438\u0434\u043a\u0456\u0441\u043d\u043e\u0433\u043e VPN \u0441\u0435\u0440\u0432\u0435\u0440\u0430.<\/p>\n<h3 align=\"justify\">\u041e\u0441\u043d\u043e\u0432\u043d\u0456 \u0445\u0430\u0440\u0430\u043a\u0442\u0435\u0440\u0438\u0441\u0442\u0438\u043a\u0438<\/h3>\n<ul>\n<li>\u0427\u0430\u0441\u0442\u043e\u0442\u0430 \u043f\u0440\u043e\u0446\u0435\u0441\u043e\u0440\u0430: 1.7 \u0413\u0413\u0446 4 \u044f\u0434\u0440\u0430<\/li>\n<li>\u041e\u043f\u0435\u0440\u0430\u0442\u0438\u0432\u043d\u0430 \u043f\u0430\u043c&#8217;\u044f\u0442\u044c: 4 \u0413\u0411<\/li>\n<li>Flash \u043f\u0430\u043c&#8217;\u044f\u0442\u044c: 128 M\u0411<\/li>\n<li>\u041f\u043e\u0440\u0442\u0438:\n<ul>\n<li>16 \u00d7 1 \u0413\u0431\u0456\u0442\/\u0441 Ethernet<\/li>\n<li>2 \u00d7 SFP+ \u043f\u043e\u0440\u0442 (\u043f\u0456\u0434\u0442\u0440\u0438\u043c\u0443\u044e\u0442\u044c\u0441\u044f SFP \u043c\u043e\u0434\u0443\u043b\u0456 1.25G \u0456 10G)<\/li>\n<li>1 \u00d7 \u043f\u043e\u0432\u043d\u043e\u0440\u043e\u0437\u043c\u0456\u0440\u043d\u0438\u0439 USB 3.0 \u0434\u043b\u044f \u043f\u0456\u0434\u043a\u043b\u044e\u0447\u0435\u043d\u043d\u044f 3G\/4G \u043c\u043e\u0434\u0435\u043c\u0443 \u0430\u0431\u043e \u0437\u043e\u0432\u043d\u0456\u0448\u043d\u044c\u043e\u0433\u043e \u043d\u0430\u043a\u043e\u043f\u0438\u0447\u0443\u0432\u0430\u0447\u0430<\/li>\n<li>1 \u00d7 serial console port RJ45<\/li>\n<\/ul>\n<\/li>\n<li>\u041e\u043f\u0435\u0440\u0430\u0446\u0456\u0439\u043d\u0430 \u0441\u0438\u0441\u0442\u0435\u043c\u0430: RouterOS v7 Level 6 license<\/li>\n<\/ul>\n<p align=\"justify\">\u042f\u043a\u0449\u043e \u043f\u043e\u0440\u0456\u0432\u043d\u044e\u0432\u0430\u0442\u0438 CCR2004-16G-2S+ \u0437\u0456 \u0441\u0442\u0430\u0440\u0438\u043c\u0438 \u043c\u043e\u0434\u0435\u043b\u044f\u043c\u0438 \u0441\u0435\u0440\u0456\u0457 CCR, \u0442\u043e \u0439\u043e\u0433\u043e \u043f\u0440\u043e\u0434\u0443\u043a\u0442\u0438\u0432\u043d\u0456\u0441\u0442\u044c \u0432\u0438\u0449\u0430, \u043d\u0456\u0436 \u0443 CCR1009, \u0456 \u0434\u043e\u0441\u044f\u0433\u0430\u0454 \u0440\u0456\u0432\u043d\u044f CCR1016.<\/p>\n<p align=\"justify\">\u0420\u0435\u043a\u043e\u043c\u0435\u043d\u0434\u0443\u0454\u043c\u043e \u0432\u0438\u043a\u043e\u0440\u0438\u0441\u0442\u043e\u0432\u0443\u0432\u0430\u0442\u0438 MikroTik CCR2004-16G-2S+ \u0432 \u043a\u043e\u043c\u043f&#8217;\u044e\u0442\u0435\u0440\u043d\u0438\u0445 \u043c\u0435\u0440\u0435\u0436\u0430\u0445 \u0437 \u043a\u0456\u043b\u044c\u043a\u0456\u0441\u0442\u044e \u0430\u0431\u043e\u043d\u0435\u043d\u0442\u0456\u0432 \u0434\u043e 600 \u043e\u0441\u0456\u0431 \u0456 \u043e\u0440\u0433\u0430\u043d\u0456\u0437\u0430\u0446\u0456\u0457 \u0448\u0432\u0438\u0434\u043a\u0456\u0441\u043d\u0438\u0445 VPN \u043a\u0430\u043d\u0430\u043b\u0456\u0432.<\/p>\n","protected":false},"excerpt":{"rendered":"<ul>\n<li>1.7 GHz CPU, 4 \u044f\u0434\u0440\u0430<\/li>\n<li>4 GB RAM<\/li>\n<li>16\u00d7Gbit LAN, 2\u00d7SFP+, 1\u00d7USB<\/li>\n<li>\u043a\u043e\u0440\u043f\u0443\u0441 1U<\/li>\n<li><b>2 \u00d7 PSU<\/b><\/li>\n<\/ul>\n","protected":false},"featured_media":20909,"comment_status":"open","ping_status":"closed","template":"","meta":[],"product_cat":[130,118,135],"product_tag":[123],"class_list":{"0":"post-20908","1":"product","2":"type-product","3":"status-publish","4":"has-post-thumbnail","6":"product_cat-kupit_setevoe_oborudovanie_mikrotik","7":"product_cat-kupit_marshrutizatoru_mikrotik_ubiquiti_cisco_ruijie","8":"product_cat-kupit_marshrutizatoru_mikrotik","9":"product_tag-routers","10":"product_shipping_class-class-1","12":"first","13":"instock","14":"shipping-taxable","15":"purchasable","16":"product-type-simple"},"yoast_head":"<!-- This site is optimized with the Yoast SEO Premium plugin v24.2 (Yoast SEO v24.2) - https:\/\/yoast.com\/wordpress\/plugins\/seo\/ -->\n<title>\u041a\u0443\u043f\u0438\u0442\u044c MikroTik CCR2004-16G-2S+ - WiFiLab<\/title>\n<meta name=\"robots\" content=\"index, follow, max-snippet:-1, max-image-preview:large, max-video-preview:-1\" \/>\n<meta property=\"og:locale\" content=\"en_US\" \/>\n<meta property=\"og:type\" content=\"article\" \/>\n<meta property=\"og:title\" content=\"\u041a\u0443\u043f\u0438\u0442\u044c MikroTik CCR2004-16G-2S+\" \/>\n<meta property=\"og:description\" content=\"1.7 GHz CPU, 4 \u044f\u0434\u0440\u0430  4 GB RAM  16\u00d7Gbit LAN, 2\u00d7SFP+, 1\u00d7USB  \u043a\u043e\u0440\u043f\u0443\u0441 1U  2 \u00d7 PSU\" \/>\n<meta property=\"og:url\" content=\"https:\/\/wifilab.org\/en\/product\/mikrotik-ccr-2004-16g-2s\/\" \/>\n<meta property=\"og:site_name\" content=\"WiFiLab\" \/>\n<meta property=\"article:modified_time\" content=\"2024-09-23T12:20:33+00:00\" \/>\n<meta property=\"og:image\" content=\"https:\/\/wifilab.org\/wp-content\/uploads\/2024\/09\/MikroTik-CCR2004-16G-2Splus.jpg\" \/>\n\t<meta property=\"og:image:width\" content=\"500\" \/>\n\t<meta property=\"og:image:height\" content=\"500\" \/>\n\t<meta property=\"og:image:type\" content=\"image\/jpeg\" \/>\n<meta name=\"twitter:card\" content=\"summary_large_image\" \/>\n<meta name=\"twitter:label1\" content=\"Est. reading time\" \/>\n\t<meta name=\"twitter:data1\" content=\"1 minute\" \/>\n<script type=\"application\/ld+json\" class=\"yoast-schema-graph\">{\"@context\":\"https:\/\/schema.org\",\"@graph\":[{\"@type\":\"WebPage\",\"@id\":\"https:\/\/wifilab.org\/en\/product\/mikrotik-ccr-2004-16g-2s\/\",\"url\":\"https:\/\/wifilab.org\/en\/product\/mikrotik-ccr-2004-16g-2s\/\",\"name\":\"\u041a\u0443\u043f\u0438\u0442\u044c MikroTik CCR2004-16G-2S+ - WiFiLab\",\"isPartOf\":{\"@id\":\"https:\/\/wifilab.org\/en\/#website\"},\"primaryImageOfPage\":{\"@id\":\"https:\/\/wifilab.org\/en\/product\/mikrotik-ccr-2004-16g-2s\/#primaryimage\"},\"image\":{\"@id\":\"https:\/\/wifilab.org\/en\/product\/mikrotik-ccr-2004-16g-2s\/#primaryimage\"},\"thumbnailUrl\":\"https:\/\/wifilab.org\/wp-content\/uploads\/2024\/09\/MikroTik-CCR2004-16G-2Splus.jpg\",\"datePublished\":\"2024-09-16T15:19:21+00:00\",\"dateModified\":\"2024-09-23T12:20:33+00:00\",\"breadcrumb\":{\"@id\":\"https:\/\/wifilab.org\/en\/product\/mikrotik-ccr-2004-16g-2s\/#breadcrumb\"},\"inLanguage\":\"en-US\",\"potentialAction\":[{\"@type\":\"ReadAction\",\"target\":[\"https:\/\/wifilab.org\/en\/product\/mikrotik-ccr-2004-16g-2s\/\"]}]},{\"@type\":\"ImageObject\",\"inLanguage\":\"en-US\",\"@id\":\"https:\/\/wifilab.org\/en\/product\/mikrotik-ccr-2004-16g-2s\/#primaryimage\",\"url\":\"https:\/\/wifilab.org\/wp-content\/uploads\/2024\/09\/MikroTik-CCR2004-16G-2Splus.jpg\",\"contentUrl\":\"https:\/\/wifilab.org\/wp-content\/uploads\/2024\/09\/MikroTik-CCR2004-16G-2Splus.jpg\",\"width\":500,\"height\":500,\"caption\":\"\u041a\u0443\u043f\u0438\u0442\u044c MikroTik CCR2004-16G-2S+ - WifiLab\"},{\"@type\":\"BreadcrumbList\",\"@id\":\"https:\/\/wifilab.org\/en\/product\/mikrotik-ccr-2004-16g-2s\/#breadcrumb\",\"itemListElement\":[{\"@type\":\"ListItem\",\"position\":1,\"name\":\"\u0413\u043b\u0430\u0432\u043d\u0430\u044f \u0441\u0442\u0440\u0430\u043d\u0438\u0446\u0430\",\"item\":\"https:\/\/wifilab.org\/en\/\"},{\"@type\":\"ListItem\",\"position\":2,\"name\":\"Shop\",\"item\":\"https:\/\/wifilab.org\/en\/shop\/\"},{\"@type\":\"ListItem\",\"position\":3,\"name\":\"\u041a\u0443\u043f\u0438\u0442\u044c MikroTik CCR2004-16G-2S+\"}]},{\"@type\":\"WebSite\",\"@id\":\"https:\/\/wifilab.org\/en\/#website\",\"url\":\"https:\/\/wifilab.org\/en\/\",\"name\":\"WiFiLab\",\"description\":\"\u041f\u0440\u043e\u0444\u0435\u0441\u0441\u0438\u043e\u043d\u0430\u043b\u044c\u043d\u0430\u044f \u041d\u0430\u0441\u0442\u0440\u043e\u0439\u043a\u0430 Mikrotik, Ubiquiti, Cisco\",\"publisher\":{\"@id\":\"https:\/\/wifilab.org\/en\/#organization\"},\"potentialAction\":[{\"@type\":\"SearchAction\",\"target\":{\"@type\":\"EntryPoint\",\"urlTemplate\":\"https:\/\/wifilab.org\/en\/?s={search_term_string}\"},\"query-input\":{\"@type\":\"PropertyValueSpecification\",\"valueRequired\":true,\"valueName\":\"search_term_string\"}}],\"inLanguage\":\"en-US\"},{\"@type\":\"Organization\",\"@id\":\"https:\/\/wifilab.org\/en\/#organization\",\"name\":\"WiFiLab\",\"url\":\"https:\/\/wifilab.org\/en\/\",\"logo\":{\"@type\":\"ImageObject\",\"inLanguage\":\"en-US\",\"@id\":\"https:\/\/wifilab.org\/en\/#\/schema\/logo\/image\/\",\"url\":\"https:\/\/i0.wp.com\/wifilab.org\/wp-content\/uploads\/2018\/08\/Logo-2.png?fit=611%2C131&ssl=1\",\"contentUrl\":\"https:\/\/i0.wp.com\/wifilab.org\/wp-content\/uploads\/2018\/08\/Logo-2.png?fit=611%2C131&ssl=1\",\"width\":611,\"height\":131,\"caption\":\"WiFiLab\"},\"image\":{\"@id\":\"https:\/\/wifilab.org\/en\/#\/schema\/logo\/image\/\"},\"sameAs\":[\"https:\/\/t.me\/wifilab\"]}]}<\/script>\n<!-- \/ Yoast SEO Premium plugin. -->","yoast_head_json":{"title":"\u041a\u0443\u043f\u0438\u0442\u044c MikroTik CCR2004-16G-2S+ - WiFiLab","robots":{"index":"index","follow":"follow","max-snippet":"max-snippet:-1","max-image-preview":"max-image-preview:large","max-video-preview":"max-video-preview:-1"},"og_locale":"en_US","og_type":"article","og_title":"\u041a\u0443\u043f\u0438\u0442\u044c MikroTik CCR2004-16G-2S+","og_description":"1.7 GHz CPU, 4 \u044f\u0434\u0440\u0430  4 GB RAM  16\u00d7Gbit LAN, 2\u00d7SFP+, 1\u00d7USB  \u043a\u043e\u0440\u043f\u0443\u0441 1U  2 \u00d7 PSU","og_url":"https:\/\/wifilab.org\/en\/product\/mikrotik-ccr-2004-16g-2s\/","og_site_name":"WiFiLab","article_modified_time":"2024-09-23T12:20:33+00:00","og_image":[{"width":500,"height":500,"url":"https:\/\/wifilab.org\/wp-content\/uploads\/2024\/09\/MikroTik-CCR2004-16G-2Splus.jpg","type":"image\/jpeg"}],"twitter_card":"summary_large_image","twitter_misc":{"Est. reading time":"1 minute"},"schema":{"@context":"https:\/\/schema.org","@graph":[{"@type":"WebPage","@id":"https:\/\/wifilab.org\/en\/product\/mikrotik-ccr-2004-16g-2s\/","url":"https:\/\/wifilab.org\/en\/product\/mikrotik-ccr-2004-16g-2s\/","name":"\u041a\u0443\u043f\u0438\u0442\u044c MikroTik CCR2004-16G-2S+ - WiFiLab","isPartOf":{"@id":"https:\/\/wifilab.org\/en\/#website"},"primaryImageOfPage":{"@id":"https:\/\/wifilab.org\/en\/product\/mikrotik-ccr-2004-16g-2s\/#primaryimage"},"image":{"@id":"https:\/\/wifilab.org\/en\/product\/mikrotik-ccr-2004-16g-2s\/#primaryimage"},"thumbnailUrl":"https:\/\/wifilab.org\/wp-content\/uploads\/2024\/09\/MikroTik-CCR2004-16G-2Splus.jpg","datePublished":"2024-09-16T15:19:21+00:00","dateModified":"2024-09-23T12:20:33+00:00","breadcrumb":{"@id":"https:\/\/wifilab.org\/en\/product\/mikrotik-ccr-2004-16g-2s\/#breadcrumb"},"inLanguage":"en-US","potentialAction":[{"@type":"ReadAction","target":["https:\/\/wifilab.org\/en\/product\/mikrotik-ccr-2004-16g-2s\/"]}]},{"@type":"ImageObject","inLanguage":"en-US","@id":"https:\/\/wifilab.org\/en\/product\/mikrotik-ccr-2004-16g-2s\/#primaryimage","url":"https:\/\/wifilab.org\/wp-content\/uploads\/2024\/09\/MikroTik-CCR2004-16G-2Splus.jpg","contentUrl":"https:\/\/wifilab.org\/wp-content\/uploads\/2024\/09\/MikroTik-CCR2004-16G-2Splus.jpg","width":500,"height":500,"caption":"\u041a\u0443\u043f\u0438\u0442\u044c MikroTik CCR2004-16G-2S+ - WifiLab"},{"@type":"BreadcrumbList","@id":"https:\/\/wifilab.org\/en\/product\/mikrotik-ccr-2004-16g-2s\/#breadcrumb","itemListElement":[{"@type":"ListItem","position":1,"name":"\u0413\u043b\u0430\u0432\u043d\u0430\u044f \u0441\u0442\u0440\u0430\u043d\u0438\u0446\u0430","item":"https:\/\/wifilab.org\/en\/"},{"@type":"ListItem","position":2,"name":"Shop","item":"https:\/\/wifilab.org\/en\/shop\/"},{"@type":"ListItem","position":3,"name":"\u041a\u0443\u043f\u0438\u0442\u044c MikroTik CCR2004-16G-2S+"}]},{"@type":"WebSite","@id":"https:\/\/wifilab.org\/en\/#website","url":"https:\/\/wifilab.org\/en\/","name":"WiFiLab","description":"\u041f\u0440\u043e\u0444\u0435\u0441\u0441\u0438\u043e\u043d\u0430\u043b\u044c\u043d\u0430\u044f \u041d\u0430\u0441\u0442\u0440\u043e\u0439\u043a\u0430 Mikrotik, Ubiquiti, Cisco","publisher":{"@id":"https:\/\/wifilab.org\/en\/#organization"},"potentialAction":[{"@type":"SearchAction","target":{"@type":"EntryPoint","urlTemplate":"https:\/\/wifilab.org\/en\/?s={search_term_string}"},"query-input":{"@type":"PropertyValueSpecification","valueRequired":true,"valueName":"search_term_string"}}],"inLanguage":"en-US"},{"@type":"Organization","@id":"https:\/\/wifilab.org\/en\/#organization","name":"WiFiLab","url":"https:\/\/wifilab.org\/en\/","logo":{"@type":"ImageObject","inLanguage":"en-US","@id":"https:\/\/wifilab.org\/en\/#\/schema\/logo\/image\/","url":"https:\/\/i0.wp.com\/wifilab.org\/wp-content\/uploads\/2018\/08\/Logo-2.png?fit=611%2C131&ssl=1","contentUrl":"https:\/\/i0.wp.com\/wifilab.org\/wp-content\/uploads\/2018\/08\/Logo-2.png?fit=611%2C131&ssl=1","width":611,"height":131,"caption":"WiFiLab"},"image":{"@id":"https:\/\/wifilab.org\/en\/#\/schema\/logo\/image\/"},"sameAs":["https:\/\/t.me\/wifilab"]}]}},"jetpack_sharing_enabled":true,"_links":{"self":[{"href":"https:\/\/wifilab.org\/en\/wp-json\/wp\/v2\/product\/20908","targetHints":{"allow":["GET"]}}],"collection":[{"href":"https:\/\/wifilab.org\/en\/wp-json\/wp\/v2\/product"}],"about":[{"href":"https:\/\/wifilab.org\/en\/wp-json\/wp\/v2\/types\/product"}],"replies":[{"embeddable":true,"href":"https:\/\/wifilab.org\/en\/wp-json\/wp\/v2\/comments?post=20908"}],"version-history":[{"count":0,"href":"https:\/\/wifilab.org\/en\/wp-json\/wp\/v2\/product\/20908\/revisions"}],"wp:featuredmedia":[{"embeddable":true,"href":"https:\/\/wifilab.org\/en\/wp-json\/wp\/v2\/media\/20909"}],"wp:attachment":[{"href":"https:\/\/wifilab.org\/en\/wp-json\/wp\/v2\/media?parent=20908"}],"wp:term":[{"taxonomy":"product_cat","embeddable":true,"href":"https:\/\/wifilab.org\/en\/wp-json\/wp\/v2\/product_cat?post=20908"},{"taxonomy":"product_tag","embeddable":true,"href":"https:\/\/wifilab.org\/en\/wp-json\/wp\/v2\/product_tag?post=20908"}],"curies":[{"name":"wp","href":"https:\/\/api.w.org\/{rel}","templated":true}]}}