{"id":26942,"date":"2024-09-16T19:04:46","date_gmt":"2024-09-16T16:04:46","guid":{"rendered":"https:\/\/wifilab.org\/product\/comprar-mikrotik-hap-ac-rb962uigs-5hact2hnt\/"},"modified":"2025-04-27T19:23:35","modified_gmt":"2025-04-27T16:23:35","slug":"comprar-mikrotik-hap-ac-rb962uigs-5hact2hnt","status":"publish","type":"product","link":"https:\/\/wifilab.org\/es\/product\/comprar-mikrotik-hap-ac-rb962uigs-5hact2hnt\/","title":{"rendered":"Comprar MikroTik hAP ac (RB962UiGS-5HacT2HnT)"},"content":{"rendered":"<h3>Comprar MikroTik hAP ac (RB962UiGS-5HacT2HnT)<\/h3>\n<p>El MikroTik hAP ac (modelo RB962UiGS-5HacT2HnT) es un router Wi-Fi de doble banda que ofrece 5 puertos de red gigabit, un puerto SFP para conectar fibra \u00f3ptica y un puerto USB para conectar m\u00f3dems 4G. Este router destaca por su puerto SFP, que te permite conectar fibra \u00f3ptica mediante un m\u00f3dulo SFP. Los puertos de red Gigabit y el est\u00e1ndar Wi-Fi 802.11ac proporcionan un rendimiento excelente del dispositivo. La frecuencia de 5 GHz permite un formato de radio menos congestionado con altas velocidades de datos. Por lo tanto, MikroTik hAP ac ser\u00e1 una gran elecci\u00f3n para Internet gigabit tanto en pisos como en oficinas. Adem\u00e1s, el dispositivo puede utilizarse como amplificador de se\u00f1al Wi-Fi de doble banda (repetidor). MikroTik recibir\u00e1 la se\u00f1al del router principal en las frecuencias de 2,4 y 5 GHz, la amplificar\u00e1 y la transmitir\u00e1 m\u00e1s all\u00e1. El router es adecuado para amplificar la se\u00f1al Wi-Fi en un piso o entre pisos. Puedes leer m\u00e1s sobre la configuraci\u00f3n en modo repetidor en el art\u00edculo \u00abConfiguraci\u00f3n del MikroTik en modo repetidor\u00bb.<\/p>\n<p><img decoding=\"async\" class=\"aligncenter\" src=\"https:\/\/www.technotrade.com.ua\/userfiles\/images\/MikroTik_hAP_ac\/MikroTik-hAP-ac-ports.jpg\" alt=\"Porti MikroTik hAP ac (modelo RB962UiGS-5HacT2HnT)\"><\/p>\n<p>El router admite alimentaci\u00f3n tanto a trav\u00e9s de la fuente de alimentaci\u00f3n como del 1er puerto de red mediante tecnolog\u00eda POE Pasiva. El 5\u00ba puerto de red puede utilizarse para suministrar alimentaci\u00f3n de 24 V y 0,5 A a otro dispositivo, como un punto de acceso Wi-Fi MikroTik en otra habitaci\u00f3n o en el exterior. Hay un puerto USB 2.0 de tama\u00f1o completo en el cuerpo del router para conectar dispositivos de almacenamiento externos o m\u00f3dems 3G\/4G. Antes de utilizar un m\u00f3dem, aseg\u00farate de que tu modelo est\u00e1 incluido en la lista de m\u00f3dems USB 3G compatibles. El sistema operativo RouterOS Level4, que controla el router, te permite configurar los l\u00edmites de velocidad de Internet, bloquear el acceso a determinados sitios o redes sociales, restringir las descargas de torrents, configurar conexiones VPN, organizar HotSpot y utilizar el router con dos proveedores de Internet al mismo tiempo. Si necesitas un router Wi-Fi de doble banda potente y r\u00e1pido, \u00a1no pierdas la oportunidad de <strong>comprar MikroTik hAP ac (RB962UiGS-5HacT2HnT)<\/strong>! <\/p>\n<h3>Caracter\u00edsticas<\/h3>\n<ul>\n<li>Procesador: Qualcomm Atheros QCA9558 720 MHz<\/li>\n<li>RAM: 128 MB<\/li>\n<li>Puertos:\n<ul>\n<li>5 \u00d7 LAN 10\/100\/1000 Mbps (1er puerto con entrada PoE, 5\u00ba puerto con salida PoE)<\/li>\n<li>1 \u00d7 USB 2.0 de tama\u00f1o completo Tipo A, 700 mA<\/li>\n<li>1 \u00d7 SFP<\/li>\n<\/ul>\n<\/li>\n<li>Sistema operativo: MikroTik RouterOS Level4<\/li>\n<\/ul>\n<p><strong>Punto de acceso<\/strong><\/p>\n<ul>\n<li>Frecuencias: 2,4 GHz \/ 5 GHz<\/li>\n<li>Est\u00e1ndares: IEEE 802.11 a\/b\/g\/n\/ac<\/li>\n<li>Velocidad de canal: 450 Mbps a 2,4 GHz \/ 1300 Mbps a 5 GHz<\/li>\n<li>Antena:\n<ul>\n<li>3 \u00d7 antenas omnidireccionales a 2,4 GHz<\/li>\n<li>3 \u00d7 antenas omnidireccionales a 5 GHz<\/li>\n<\/ul>\n<\/li>\n<li>Ganancia de la antena: 2,5 dBi a 2,4 GHz \/ 2 dBi a 5 GHz<\/li>\n<\/ul>\n<p><strong>Caracter\u00edsticas adicionales<\/strong><\/p>\n<ul>\n<li>Gesti\u00f3n del dispositivo: interfaz WEB, Winbox, Telnet, SSH<\/li>\n<\/ul>\n<p><strong>Otros<\/strong><\/p>\n<ul>\n<li>Fuente de alimentaci\u00f3n:\n<ul>\n<li>Entrada PoE en el puerto Ethernet 1: 11..57 V CC (salidas PoE pasivas est\u00e1ndar +4,5 y -7,8, no admite 802.3af) <\/li>\n<li>Salida PoE en el puerto Ethernet 5: 24 V CC (salidas PoE pasivas est\u00e1ndar +4,5 y -7,8, no admite 802.3af). Corriente m\u00e1xima 0,5 A. <\/li>\n<li>Conector: 11..57 V CC <\/li>\n<\/ul>\n<\/li>\n<li>Consumo: hasta 17 W<\/li>\n<li>Dimensiones: 114 \u00d7 137 \u00d7 29 mm<\/li>\n<li>Peso: 232 g<\/li>\n<li>Temperatura de funcionamiento: de -30\u00b0C a +70\u00b0C<\/li>\n<\/ul>\n<p>&nbsp;<\/p>\n","protected":false},"excerpt":{"rendered":"<ul>\n<li>Frecuencia Wi-Fi: 2,4 i 5 GHz<\/li>\n<li>Velocidad Wi-Fi: <strong>450<\/strong> y <strong>1300<\/strong> Mbps (est\u00e1ndar AC &#8211; 1300 Mbps, est\u00e1ndar N &#8211; 450 Mbps)<\/li>\n<li>Frecuencia del procesador: 720 MHz<\/li>\n<li>RAM: 128 MB<\/li>\n<li>Porty:\n<ul>\n<li>5 \u00d7 1 Gbit\/s LAN<\/li>\n<li>1 \u00d7 SFP<\/li>\n<li>1 \u00d7 USB 2.0 (tama\u00f1o completo)<\/li>\n<\/ul>\n<\/li>\n<li>\n<\/li>\n<\/ul>\n","protected":false},"featured_media":20926,"comment_status":"open","ping_status":"closed","template":"","meta":[],"product_cat":[243,244,203],"product_tag":[245],"class_list":{"0":"post-26942","1":"product","2":"type-product","3":"status-publish","4":"has-post-thumbnail","6":"product_cat-enrutadores","7":"product_cat-enrutadores-mikrotik","8":"product_cat-comprar_equipos_de_red_mikrotik","9":"product_tag-enrutadores","10":"product_shipping_class-clase-1","12":"first","13":"instock","14":"shipping-taxable","15":"purchasable","16":"product-type-simple"},"yoast_head":"<!-- This site is optimized with the Yoast SEO Premium plugin v24.2 (Yoast SEO v24.2) - https:\/\/yoast.com\/wordpress\/plugins\/seo\/ -->\n<title>Comprar MikroTik hAP ac (RB962UiGS-5HacT2HnT) - WiFiLab<\/title>\n<meta name=\"description\" content=\"Aqu\u00ed puedes comprar MikroTik hAP ac (RB962UiGS-5HacT2HnT) al mejor precio. Garant\u00eda oficial. 14 d\u00edas para devoluciones. \u00a1Asistencia en la selecci\u00f3n!\" \/>\n<meta name=\"robots\" content=\"index, follow, max-snippet:-1, max-image-preview:large, max-video-preview:-1\" \/>\n<meta property=\"og:locale\" content=\"es_ES\" \/>\n<meta property=\"og:type\" content=\"article\" \/>\n<meta property=\"og:title\" content=\"Comprar MikroTik hAP ac (RB962UiGS-5HacT2HnT)\" \/>\n<meta property=\"og:description\" content=\"Aqu\u00ed puedes comprar MikroTik hAP ac (RB962UiGS-5HacT2HnT) al mejor precio. Garant\u00eda oficial. 14 d\u00edas para devoluciones. \u00a1Asistencia en la selecci\u00f3n!\" \/>\n<meta property=\"og:url\" content=\"https:\/\/wifilab.org\/es\/product\/comprar-mikrotik-hap-ac-rb962uigs-5hact2hnt\/\" \/>\n<meta property=\"og:site_name\" content=\"WiFiLab\" \/>\n<meta property=\"article:modified_time\" content=\"2025-04-27T16:23:35+00:00\" \/>\n<meta property=\"og:image\" content=\"https:\/\/wifilab.org\/wp-content\/uploads\/2024\/09\/MikroTik_hap_ac.jpg\" \/>\n\t<meta property=\"og:image:width\" content=\"500\" \/>\n\t<meta property=\"og:image:height\" content=\"500\" \/>\n\t<meta property=\"og:image:type\" content=\"image\/jpeg\" \/>\n<meta name=\"twitter:card\" content=\"summary_large_image\" \/>\n<meta name=\"twitter:label1\" content=\"Tiempo de lectura\" \/>\n\t<meta name=\"twitter:data1\" content=\"3 minutos\" \/>\n<script type=\"application\/ld+json\" class=\"yoast-schema-graph\">{\"@context\":\"https:\/\/schema.org\",\"@graph\":[{\"@type\":\"WebPage\",\"@id\":\"https:\/\/wifilab.org\/es\/product\/comprar-mikrotik-hap-ac-rb962uigs-5hact2hnt\/\",\"url\":\"https:\/\/wifilab.org\/es\/product\/comprar-mikrotik-hap-ac-rb962uigs-5hact2hnt\/\",\"name\":\"Comprar MikroTik hAP ac (RB962UiGS-5HacT2HnT) - WiFiLab\",\"isPartOf\":{\"@id\":\"https:\/\/wifilab.org\/es\/#website\"},\"primaryImageOfPage\":{\"@id\":\"https:\/\/wifilab.org\/es\/product\/comprar-mikrotik-hap-ac-rb962uigs-5hact2hnt\/#primaryimage\"},\"image\":{\"@id\":\"https:\/\/wifilab.org\/es\/product\/comprar-mikrotik-hap-ac-rb962uigs-5hact2hnt\/#primaryimage\"},\"thumbnailUrl\":\"https:\/\/wifilab.org\/wp-content\/uploads\/2024\/09\/MikroTik_hap_ac.jpg\",\"datePublished\":\"2024-09-16T16:04:46+00:00\",\"dateModified\":\"2025-04-27T16:23:35+00:00\",\"description\":\"Aqu\u00ed puedes comprar MikroTik hAP ac (RB962UiGS-5HacT2HnT) al mejor precio. Garant\u00eda oficial. 14 d\u00edas para devoluciones. \u00a1Asistencia en la selecci\u00f3n!\",\"breadcrumb\":{\"@id\":\"https:\/\/wifilab.org\/es\/product\/comprar-mikrotik-hap-ac-rb962uigs-5hact2hnt\/#breadcrumb\"},\"inLanguage\":\"es\",\"potentialAction\":[{\"@type\":\"ReadAction\",\"target\":[\"https:\/\/wifilab.org\/es\/product\/comprar-mikrotik-hap-ac-rb962uigs-5hact2hnt\/\"]}]},{\"@type\":\"ImageObject\",\"inLanguage\":\"es\",\"@id\":\"https:\/\/wifilab.org\/es\/product\/comprar-mikrotik-hap-ac-rb962uigs-5hact2hnt\/#primaryimage\",\"url\":\"https:\/\/wifilab.org\/wp-content\/uploads\/2024\/09\/MikroTik_hap_ac.jpg\",\"contentUrl\":\"https:\/\/wifilab.org\/wp-content\/uploads\/2024\/09\/MikroTik_hap_ac.jpg\",\"width\":500,\"height\":500,\"caption\":\"\u041a\u0443\u043f\u0438\u0442\u044c MikroTik hap AC - WiFiLab\"},{\"@type\":\"BreadcrumbList\",\"@id\":\"https:\/\/wifilab.org\/es\/product\/comprar-mikrotik-hap-ac-rb962uigs-5hact2hnt\/#breadcrumb\",\"itemListElement\":[{\"@type\":\"ListItem\",\"position\":1,\"name\":\"\u0413\u043b\u0430\u0432\u043d\u0430\u044f \u0441\u0442\u0440\u0430\u043d\u0438\u0446\u0430\",\"item\":\"https:\/\/wifilab.org\/es\/\"},{\"@type\":\"ListItem\",\"position\":2,\"name\":\"Tienda\",\"item\":\"https:\/\/wifilab.org\/es\/tienda\/\"},{\"@type\":\"ListItem\",\"position\":3,\"name\":\"Comprar MikroTik hAP ac (RB962UiGS-5HacT2HnT)\"}]},{\"@type\":\"WebSite\",\"@id\":\"https:\/\/wifilab.org\/es\/#website\",\"url\":\"https:\/\/wifilab.org\/es\/\",\"name\":\"WiFiLab\",\"description\":\"\u041f\u0440\u043e\u0444\u0435\u0441\u0441\u0438\u043e\u043d\u0430\u043b\u044c\u043d\u0430\u044f \u041d\u0430\u0441\u0442\u0440\u043e\u0439\u043a\u0430 Mikrotik, Ubiquiti, Cisco\",\"publisher\":{\"@id\":\"https:\/\/wifilab.org\/es\/#organization\"},\"potentialAction\":[{\"@type\":\"SearchAction\",\"target\":{\"@type\":\"EntryPoint\",\"urlTemplate\":\"https:\/\/wifilab.org\/es\/?s={search_term_string}\"},\"query-input\":{\"@type\":\"PropertyValueSpecification\",\"valueRequired\":true,\"valueName\":\"search_term_string\"}}],\"inLanguage\":\"es\"},{\"@type\":\"Organization\",\"@id\":\"https:\/\/wifilab.org\/es\/#organization\",\"name\":\"WiFiLab\",\"url\":\"https:\/\/wifilab.org\/es\/\",\"logo\":{\"@type\":\"ImageObject\",\"inLanguage\":\"es\",\"@id\":\"https:\/\/wifilab.org\/es\/#\/schema\/logo\/image\/\",\"url\":\"https:\/\/i0.wp.com\/wifilab.org\/wp-content\/uploads\/2018\/08\/Logo-2.png?fit=611%2C131&ssl=1\",\"contentUrl\":\"https:\/\/i0.wp.com\/wifilab.org\/wp-content\/uploads\/2018\/08\/Logo-2.png?fit=611%2C131&ssl=1\",\"width\":611,\"height\":131,\"caption\":\"WiFiLab\"},\"image\":{\"@id\":\"https:\/\/wifilab.org\/es\/#\/schema\/logo\/image\/\"},\"sameAs\":[\"https:\/\/t.me\/wifilab\"]}]}<\/script>\n<!-- \/ Yoast SEO Premium plugin. -->","yoast_head_json":{"title":"Comprar MikroTik hAP ac (RB962UiGS-5HacT2HnT) - WiFiLab","description":"Aqu\u00ed puedes comprar MikroTik hAP ac (RB962UiGS-5HacT2HnT) al mejor precio. Garant\u00eda oficial. 14 d\u00edas para devoluciones. \u00a1Asistencia en la selecci\u00f3n!","robots":{"index":"index","follow":"follow","max-snippet":"max-snippet:-1","max-image-preview":"max-image-preview:large","max-video-preview":"max-video-preview:-1"},"og_locale":"es_ES","og_type":"article","og_title":"Comprar MikroTik hAP ac (RB962UiGS-5HacT2HnT)","og_description":"Aqu\u00ed puedes comprar MikroTik hAP ac (RB962UiGS-5HacT2HnT) al mejor precio. Garant\u00eda oficial. 14 d\u00edas para devoluciones. \u00a1Asistencia en la selecci\u00f3n!","og_url":"https:\/\/wifilab.org\/es\/product\/comprar-mikrotik-hap-ac-rb962uigs-5hact2hnt\/","og_site_name":"WiFiLab","article_modified_time":"2025-04-27T16:23:35+00:00","og_image":[{"width":500,"height":500,"url":"https:\/\/wifilab.org\/wp-content\/uploads\/2024\/09\/MikroTik_hap_ac.jpg","type":"image\/jpeg"}],"twitter_card":"summary_large_image","twitter_misc":{"Tiempo de lectura":"3 minutos"},"schema":{"@context":"https:\/\/schema.org","@graph":[{"@type":"WebPage","@id":"https:\/\/wifilab.org\/es\/product\/comprar-mikrotik-hap-ac-rb962uigs-5hact2hnt\/","url":"https:\/\/wifilab.org\/es\/product\/comprar-mikrotik-hap-ac-rb962uigs-5hact2hnt\/","name":"Comprar MikroTik hAP ac (RB962UiGS-5HacT2HnT) - WiFiLab","isPartOf":{"@id":"https:\/\/wifilab.org\/es\/#website"},"primaryImageOfPage":{"@id":"https:\/\/wifilab.org\/es\/product\/comprar-mikrotik-hap-ac-rb962uigs-5hact2hnt\/#primaryimage"},"image":{"@id":"https:\/\/wifilab.org\/es\/product\/comprar-mikrotik-hap-ac-rb962uigs-5hact2hnt\/#primaryimage"},"thumbnailUrl":"https:\/\/wifilab.org\/wp-content\/uploads\/2024\/09\/MikroTik_hap_ac.jpg","datePublished":"2024-09-16T16:04:46+00:00","dateModified":"2025-04-27T16:23:35+00:00","description":"Aqu\u00ed puedes comprar MikroTik hAP ac (RB962UiGS-5HacT2HnT) al mejor precio. Garant\u00eda oficial. 14 d\u00edas para devoluciones. \u00a1Asistencia en la selecci\u00f3n!","breadcrumb":{"@id":"https:\/\/wifilab.org\/es\/product\/comprar-mikrotik-hap-ac-rb962uigs-5hact2hnt\/#breadcrumb"},"inLanguage":"es","potentialAction":[{"@type":"ReadAction","target":["https:\/\/wifilab.org\/es\/product\/comprar-mikrotik-hap-ac-rb962uigs-5hact2hnt\/"]}]},{"@type":"ImageObject","inLanguage":"es","@id":"https:\/\/wifilab.org\/es\/product\/comprar-mikrotik-hap-ac-rb962uigs-5hact2hnt\/#primaryimage","url":"https:\/\/wifilab.org\/wp-content\/uploads\/2024\/09\/MikroTik_hap_ac.jpg","contentUrl":"https:\/\/wifilab.org\/wp-content\/uploads\/2024\/09\/MikroTik_hap_ac.jpg","width":500,"height":500,"caption":"\u041a\u0443\u043f\u0438\u0442\u044c MikroTik hap AC - WiFiLab"},{"@type":"BreadcrumbList","@id":"https:\/\/wifilab.org\/es\/product\/comprar-mikrotik-hap-ac-rb962uigs-5hact2hnt\/#breadcrumb","itemListElement":[{"@type":"ListItem","position":1,"name":"\u0413\u043b\u0430\u0432\u043d\u0430\u044f \u0441\u0442\u0440\u0430\u043d\u0438\u0446\u0430","item":"https:\/\/wifilab.org\/es\/"},{"@type":"ListItem","position":2,"name":"Tienda","item":"https:\/\/wifilab.org\/es\/tienda\/"},{"@type":"ListItem","position":3,"name":"Comprar MikroTik hAP ac (RB962UiGS-5HacT2HnT)"}]},{"@type":"WebSite","@id":"https:\/\/wifilab.org\/es\/#website","url":"https:\/\/wifilab.org\/es\/","name":"WiFiLab","description":"\u041f\u0440\u043e\u0444\u0435\u0441\u0441\u0438\u043e\u043d\u0430\u043b\u044c\u043d\u0430\u044f \u041d\u0430\u0441\u0442\u0440\u043e\u0439\u043a\u0430 Mikrotik, Ubiquiti, Cisco","publisher":{"@id":"https:\/\/wifilab.org\/es\/#organization"},"potentialAction":[{"@type":"SearchAction","target":{"@type":"EntryPoint","urlTemplate":"https:\/\/wifilab.org\/es\/?s={search_term_string}"},"query-input":{"@type":"PropertyValueSpecification","valueRequired":true,"valueName":"search_term_string"}}],"inLanguage":"es"},{"@type":"Organization","@id":"https:\/\/wifilab.org\/es\/#organization","name":"WiFiLab","url":"https:\/\/wifilab.org\/es\/","logo":{"@type":"ImageObject","inLanguage":"es","@id":"https:\/\/wifilab.org\/es\/#\/schema\/logo\/image\/","url":"https:\/\/i0.wp.com\/wifilab.org\/wp-content\/uploads\/2018\/08\/Logo-2.png?fit=611%2C131&ssl=1","contentUrl":"https:\/\/i0.wp.com\/wifilab.org\/wp-content\/uploads\/2018\/08\/Logo-2.png?fit=611%2C131&ssl=1","width":611,"height":131,"caption":"WiFiLab"},"image":{"@id":"https:\/\/wifilab.org\/es\/#\/schema\/logo\/image\/"},"sameAs":["https:\/\/t.me\/wifilab"]}]}},"jetpack_sharing_enabled":true,"_links":{"self":[{"href":"https:\/\/wifilab.org\/es\/wp-json\/wp\/v2\/product\/26942","targetHints":{"allow":["GET"]}}],"collection":[{"href":"https:\/\/wifilab.org\/es\/wp-json\/wp\/v2\/product"}],"about":[{"href":"https:\/\/wifilab.org\/es\/wp-json\/wp\/v2\/types\/product"}],"replies":[{"embeddable":true,"href":"https:\/\/wifilab.org\/es\/wp-json\/wp\/v2\/comments?post=26942"}],"version-history":[{"count":0,"href":"https:\/\/wifilab.org\/es\/wp-json\/wp\/v2\/product\/26942\/revisions"}],"wp:featuredmedia":[{"embeddable":true,"href":"https:\/\/wifilab.org\/es\/wp-json\/wp\/v2\/media\/20926"}],"wp:attachment":[{"href":"https:\/\/wifilab.org\/es\/wp-json\/wp\/v2\/media?parent=26942"}],"wp:term":[{"taxonomy":"product_cat","embeddable":true,"href":"https:\/\/wifilab.org\/es\/wp-json\/wp\/v2\/product_cat?post=26942"},{"taxonomy":"product_tag","embeddable":true,"href":"https:\/\/wifilab.org\/es\/wp-json\/wp\/v2\/product_tag?post=26942"}],"curies":[{"name":"wp","href":"https:\/\/api.w.org\/{rel}","templated":true}]}}