{"id":21693,"date":"2018-08-20T10:31:12","date_gmt":"2018-08-20T07:31:12","guid":{"rendered":"https:\/\/wifilab.org\/moje-konto\/"},"modified":"2024-10-16T10:34:32","modified_gmt":"2024-10-16T07:34:32","slug":"moje-konto","status":"publish","type":"page","link":"https:\/\/wifilab.org\/pl\/moje-konto\/","title":{"rendered":"Moje konto"},"content":{"rendered":"<div class=\"woocommerce\"><div class=\"woocommerce-notices-wrapper\"><\/div>\n\n<div class=\"u-columns col2-set\" id=\"customer_login\">\n\n\t<div class=\"u-column1 col-1\">\n\n\n\t\t<h2>Logowanie<\/h2>\n\n\t\t<form class=\"woocommerce-form woocommerce-form-login login\" method=\"post\">\n\n\t\t\t\n\t\t\t<p class=\"woocommerce-form-row woocommerce-form-row--wide form-row form-row-wide\">\n\t\t\t\t<label for=\"username\">Nazwa u\u017cytkownika lub adres e-mail&nbsp;<span class=\"required\" aria-hidden=\"true\">*<\/span><span class=\"screen-reader-text\">Wymagane<\/span><\/label>\n\t\t\t\t<input type=\"text\" class=\"woocommerce-Input woocommerce-Input--text input-text\" name=\"username\" id=\"username\" autocomplete=\"username\" value=\"\" required aria-required=\"true\" \/>\t\t\t<\/p>\n\t\t\t<p class=\"woocommerce-form-row woocommerce-form-row--wide form-row form-row-wide\">\n\t\t\t\t<label for=\"password\">Has\u0142o&nbsp;<span class=\"required\" aria-hidden=\"true\">*<\/span><span class=\"screen-reader-text\">Wymagane<\/span><\/label>\n\t\t\t\t<input class=\"woocommerce-Input woocommerce-Input--text input-text\" type=\"password\" name=\"password\" id=\"password\" autocomplete=\"current-password\" required aria-required=\"true\" \/>\n\t\t\t<\/p>\n\n\t\t\t\n\t\t\t<p class=\"form-row\">\n\t\t\t\t<label class=\"woocommerce-form__label woocommerce-form__label-for-checkbox woocommerce-form-login__rememberme\">\n\t\t\t\t\t<input class=\"woocommerce-form__input woocommerce-form__input-checkbox\" name=\"rememberme\" type=\"checkbox\" id=\"rememberme\" value=\"forever\" \/> <span>Zapami\u0119taj mnie<\/span>\n\t\t\t\t<\/label>\n\t\t\t\t<input type=\"hidden\" id=\"woocommerce-login-nonce\" name=\"woocommerce-login-nonce\" value=\"1e29c2d6c7\" \/><input type=\"hidden\" name=\"_wp_http_referer\" value=\"\/pl\/wp-json\/wp\/v2\/pages\/21693\" \/>\t\t\t\t<button type=\"submit\" class=\"woocommerce-button button woocommerce-form-login__submit\" name=\"login\" value=\"Zaloguj si\u0119\">Zaloguj si\u0119<\/button>\n\t\t\t<\/p>\n\t\t\t<p class=\"woocommerce-LostPassword lost_password\">\n\t\t\t\t<a href=\"https:\/\/wifilab.org\/pl\/moje-konto\/lost-password\/\">Nie pami\u0119tasz has\u0142a?<\/a>\n\t\t\t<\/p>\n\n\t\t\t\n\t\t<\/form>\n\n\n\t<\/div>\n\n\t<div class=\"u-column2 col-2\">\n\n\t\t<h2>Zarejestruj si\u0119<\/h2>\n\n\t\t<form method=\"post\" class=\"woocommerce-form woocommerce-form-register register\"  >\n\n\t\t\t\n\t\t\t\n\t\t\t<p class=\"woocommerce-form-row woocommerce-form-row--wide form-row form-row-wide\">\n\t\t\t\t<label for=\"reg_email\">Adres e-mail&nbsp;<span class=\"required\" aria-hidden=\"true\">*<\/span><span class=\"screen-reader-text\">Wymagane<\/span><\/label>\n\t\t\t\t<input type=\"email\" class=\"woocommerce-Input woocommerce-Input--text input-text\" name=\"email\" id=\"reg_email\" autocomplete=\"email\" value=\"\" required aria-required=\"true\" \/>\t\t\t<\/p>\n\n\t\t\t\n\t\t\t\t<p>Na adres e-mail zostanie wys\u0142any odno\u015bnik do ustawienia nowego has\u0142a.<\/p>\n\n\t\t\t\n\t\t\t<wc-order-attribution-inputs><\/wc-order-attribution-inputs><div class=\"woocommerce-privacy-policy-text\"><p>\u0412\u0430\u0448\u0438 \u043b\u0438\u0447\u043d\u044b\u0435 \u0434\u0430\u043d\u043d\u044b\u0435 \u0431\u0443\u0434\u0443\u0442 \u0438\u0441\u043f\u043e\u043b\u044c\u0437\u043e\u0432\u0430\u0442\u044c\u0441\u044f \u0434\u043b\u044f \u0443\u043f\u0440\u043e\u0449\u0435\u043d\u0438\u044f \u0432\u0430\u0448\u0435\u0433\u043e \u0434\u0430\u043b\u044c\u043d\u0435\u0439\u0448\u0435\u0433\u043e \u0432\u0437\u0430\u0438\u043c\u043e\u0434\u0435\u0439\u0441\u0442\u0432\u0438\u044f \u0441 \u0441\u0430\u0439\u0442\u043e\u043c, \u0443\u043f\u0440\u0430\u0432\u043b\u0435\u043d\u0438\u044f \u0434\u043e\u0441\u0442\u0443\u043f\u043e\u043c \u043a \u0432\u0430\u0448\u0435\u043c\u0443 \u0430\u043a\u043a\u0430\u0443\u043d\u0442\u0443 \u0438 \u0434\u0440\u0443\u0433\u0438\u0445 \u0446\u0435\u043b\u0435\u0439, \u043e\u043f\u0438\u0441\u0430\u043d\u043d\u044b\u0445 \u0432 \u0434\u043e\u043a\u0443\u043c\u0435\u043d\u0442\u0435 <a href=\"\" class=\"woocommerce-privacy-policy-link\" target=\"_blank\">Polityka prywatno\u015bci<\/a>.<\/p>\n<\/div>\n\t\t\t<p class=\"woocommerce-form-row form-row\">\n\t\t\t\t<input type=\"hidden\" id=\"woocommerce-register-nonce\" name=\"woocommerce-register-nonce\" value=\"f265fc6aa1\" \/><input type=\"hidden\" name=\"_wp_http_referer\" value=\"\/pl\/wp-json\/wp\/v2\/pages\/21693\" \/>\t\t\t\t<button type=\"submit\" class=\"woocommerce-Button woocommerce-button button woocommerce-form-register__submit\" name=\"register\" value=\"Zarejestruj si\u0119\">Zarejestruj si\u0119<\/button>\n\t\t\t<\/p>\n\n\t\t\t\n\t\t<\/form>\n\n\t<\/div>\n\n<\/div>\n\n<\/div>\n","protected":false},"excerpt":{"rendered":"","protected":false},"author":1,"featured_media":0,"parent":0,"menu_order":0,"comment_status":"closed","ping_status":"closed","template":"","meta":{"footnotes":""},"class_list":["post-21693","page","type-page","status-publish","hentry"],"yoast_head":"<!-- This site is optimized with the Yoast SEO Premium plugin v24.2 (Yoast SEO v24.2) - https:\/\/yoast.com\/wordpress\/plugins\/seo\/ -->\n<title>Moje konto - WiFiLab<\/title>\n<meta name=\"robots\" content=\"index, follow, max-snippet:-1, max-image-preview:large, max-video-preview:-1\" \/>\n<meta property=\"og:locale\" content=\"pl_PL\" \/>\n<meta property=\"og:type\" content=\"article\" \/>\n<meta property=\"og:title\" content=\"Moje konto\" \/>\n<meta property=\"og:url\" content=\"https:\/\/wifilab.org\/pl\/moje-konto\/\" \/>\n<meta property=\"og:site_name\" content=\"WiFiLab\" \/>\n<meta property=\"article:modified_time\" content=\"2024-10-16T07:34:32+00:00\" \/>\n<meta name=\"twitter:card\" content=\"summary_large_image\" \/>\n<script type=\"application\/ld+json\" class=\"yoast-schema-graph\">{\"@context\":\"https:\/\/schema.org\",\"@graph\":[{\"@type\":\"WebPage\",\"@id\":\"https:\/\/wifilab.org\/pl\/moje-konto\/\",\"url\":\"https:\/\/wifilab.org\/pl\/moje-konto\/\",\"name\":\"Moje konto - WiFiLab\",\"isPartOf\":{\"@id\":\"https:\/\/wifilab.org\/pl\/#website\"},\"datePublished\":\"2018-08-20T07:31:12+00:00\",\"dateModified\":\"2024-10-16T07:34:32+00:00\",\"breadcrumb\":{\"@id\":\"https:\/\/wifilab.org\/pl\/moje-konto\/#breadcrumb\"},\"inLanguage\":\"pl-PL\",\"potentialAction\":[{\"@type\":\"ReadAction\",\"target\":[\"https:\/\/wifilab.org\/pl\/moje-konto\/\"]}]},{\"@type\":\"BreadcrumbList\",\"@id\":\"https:\/\/wifilab.org\/pl\/moje-konto\/#breadcrumb\",\"itemListElement\":[{\"@type\":\"ListItem\",\"position\":1,\"name\":\"\u0413\u043b\u0430\u0432\u043d\u0430\u044f \u0441\u0442\u0440\u0430\u043d\u0438\u0446\u0430\",\"item\":\"https:\/\/wifilab.org\/pl\/\"},{\"@type\":\"ListItem\",\"position\":2,\"name\":\"Moje konto\"}]},{\"@type\":\"WebSite\",\"@id\":\"https:\/\/wifilab.org\/pl\/#website\",\"url\":\"https:\/\/wifilab.org\/pl\/\",\"name\":\"WiFiLab\",\"description\":\"\u041f\u0440\u043e\u0444\u0435\u0441\u0441\u0438\u043e\u043d\u0430\u043b\u044c\u043d\u0430\u044f \u041d\u0430\u0441\u0442\u0440\u043e\u0439\u043a\u0430 Mikrotik, Ubiquiti, Cisco\",\"publisher\":{\"@id\":\"https:\/\/wifilab.org\/pl\/#organization\"},\"potentialAction\":[{\"@type\":\"SearchAction\",\"target\":{\"@type\":\"EntryPoint\",\"urlTemplate\":\"https:\/\/wifilab.org\/pl\/?s={search_term_string}\"},\"query-input\":{\"@type\":\"PropertyValueSpecification\",\"valueRequired\":true,\"valueName\":\"search_term_string\"}}],\"inLanguage\":\"pl-PL\"},{\"@type\":\"Organization\",\"@id\":\"https:\/\/wifilab.org\/pl\/#organization\",\"name\":\"WiFiLab\",\"url\":\"https:\/\/wifilab.org\/pl\/\",\"logo\":{\"@type\":\"ImageObject\",\"inLanguage\":\"pl-PL\",\"@id\":\"https:\/\/wifilab.org\/pl\/#\/schema\/logo\/image\/\",\"url\":\"https:\/\/i0.wp.com\/wifilab.org\/wp-content\/uploads\/2018\/08\/Logo-2.png?fit=611%2C131&ssl=1\",\"contentUrl\":\"https:\/\/i0.wp.com\/wifilab.org\/wp-content\/uploads\/2018\/08\/Logo-2.png?fit=611%2C131&ssl=1\",\"width\":611,\"height\":131,\"caption\":\"WiFiLab\"},\"image\":{\"@id\":\"https:\/\/wifilab.org\/pl\/#\/schema\/logo\/image\/\"},\"sameAs\":[\"https:\/\/t.me\/wifilab\"]}]}<\/script>\n<!-- \/ Yoast SEO Premium plugin. -->","yoast_head_json":{"title":"Moje konto - WiFiLab","robots":{"index":"index","follow":"follow","max-snippet":"max-snippet:-1","max-image-preview":"max-image-preview:large","max-video-preview":"max-video-preview:-1"},"og_locale":"pl_PL","og_type":"article","og_title":"Moje konto","og_url":"https:\/\/wifilab.org\/pl\/moje-konto\/","og_site_name":"WiFiLab","article_modified_time":"2024-10-16T07:34:32+00:00","twitter_card":"summary_large_image","schema":{"@context":"https:\/\/schema.org","@graph":[{"@type":"WebPage","@id":"https:\/\/wifilab.org\/pl\/moje-konto\/","url":"https:\/\/wifilab.org\/pl\/moje-konto\/","name":"Moje konto - WiFiLab","isPartOf":{"@id":"https:\/\/wifilab.org\/pl\/#website"},"datePublished":"2018-08-20T07:31:12+00:00","dateModified":"2024-10-16T07:34:32+00:00","breadcrumb":{"@id":"https:\/\/wifilab.org\/pl\/moje-konto\/#breadcrumb"},"inLanguage":"pl-PL","potentialAction":[{"@type":"ReadAction","target":["https:\/\/wifilab.org\/pl\/moje-konto\/"]}]},{"@type":"BreadcrumbList","@id":"https:\/\/wifilab.org\/pl\/moje-konto\/#breadcrumb","itemListElement":[{"@type":"ListItem","position":1,"name":"\u0413\u043b\u0430\u0432\u043d\u0430\u044f \u0441\u0442\u0440\u0430\u043d\u0438\u0446\u0430","item":"https:\/\/wifilab.org\/pl\/"},{"@type":"ListItem","position":2,"name":"Moje konto"}]},{"@type":"WebSite","@id":"https:\/\/wifilab.org\/pl\/#website","url":"https:\/\/wifilab.org\/pl\/","name":"WiFiLab","description":"\u041f\u0440\u043e\u0444\u0435\u0441\u0441\u0438\u043e\u043d\u0430\u043b\u044c\u043d\u0430\u044f \u041d\u0430\u0441\u0442\u0440\u043e\u0439\u043a\u0430 Mikrotik, Ubiquiti, Cisco","publisher":{"@id":"https:\/\/wifilab.org\/pl\/#organization"},"potentialAction":[{"@type":"SearchAction","target":{"@type":"EntryPoint","urlTemplate":"https:\/\/wifilab.org\/pl\/?s={search_term_string}"},"query-input":{"@type":"PropertyValueSpecification","valueRequired":true,"valueName":"search_term_string"}}],"inLanguage":"pl-PL"},{"@type":"Organization","@id":"https:\/\/wifilab.org\/pl\/#organization","name":"WiFiLab","url":"https:\/\/wifilab.org\/pl\/","logo":{"@type":"ImageObject","inLanguage":"pl-PL","@id":"https:\/\/wifilab.org\/pl\/#\/schema\/logo\/image\/","url":"https:\/\/i0.wp.com\/wifilab.org\/wp-content\/uploads\/2018\/08\/Logo-2.png?fit=611%2C131&ssl=1","contentUrl":"https:\/\/i0.wp.com\/wifilab.org\/wp-content\/uploads\/2018\/08\/Logo-2.png?fit=611%2C131&ssl=1","width":611,"height":131,"caption":"WiFiLab"},"image":{"@id":"https:\/\/wifilab.org\/pl\/#\/schema\/logo\/image\/"},"sameAs":["https:\/\/t.me\/wifilab"]}]}},"jetpack_sharing_enabled":true,"_links":{"self":[{"href":"https:\/\/wifilab.org\/pl\/wp-json\/wp\/v2\/pages\/21693","targetHints":{"allow":["GET"]}}],"collection":[{"href":"https:\/\/wifilab.org\/pl\/wp-json\/wp\/v2\/pages"}],"about":[{"href":"https:\/\/wifilab.org\/pl\/wp-json\/wp\/v2\/types\/page"}],"author":[{"embeddable":true,"href":"https:\/\/wifilab.org\/pl\/wp-json\/wp\/v2\/users\/1"}],"replies":[{"embeddable":true,"href":"https:\/\/wifilab.org\/pl\/wp-json\/wp\/v2\/comments?post=21693"}],"version-history":[{"count":0,"href":"https:\/\/wifilab.org\/pl\/wp-json\/wp\/v2\/pages\/21693\/revisions"}],"wp:attachment":[{"href":"https:\/\/wifilab.org\/pl\/wp-json\/wp\/v2\/media?parent=21693"}],"curies":[{"name":"wp","href":"https:\/\/api.w.org\/{rel}","templated":true}]}}