{"id":26569,"date":"2018-08-06T13:03:52","date_gmt":"2018-08-06T10:03:52","guid":{"rendered":"https:\/\/wifilab.org\/maintenance_1\/"},"modified":"2024-10-16T13:26:44","modified_gmt":"2024-10-16T10:26:44","slug":"maintenance_1","status":"publish","type":"page","link":"https:\/\/wifilab.org\/pl\/maintenance_1\/","title":{"rendered":"Maintenance_1"},"content":{"rendered":"\t\t<div data-elementor-type=\"wp-page\" data-elementor-id=\"26569\" class=\"elementor elementor-26569 elementor-6076\" data-elementor-post-type=\"page\">\n\t\t\t\t\t\t<section class=\"elementor-section elementor-top-section elementor-element elementor-element-c9e8b00 elementor-section-height-min-height elementor-section-items-top elementor-section-boxed elementor-section-height-default\" data-id=\"c9e8b00\" data-element_type=\"section\" data-settings=\"{&quot;jet_parallax_layout_list&quot;:[{&quot;jet_parallax_layout_image&quot;:{&quot;url&quot;:&quot;&quot;,&quot;id&quot;:&quot;&quot;,&quot;size&quot;:&quot;&quot;},&quot;_id&quot;:&quot;91679df&quot;,&quot;jet_parallax_layout_speed&quot;:{&quot;unit&quot;:&quot;%&quot;,&quot;size&quot;:50,&quot;sizes&quot;:[]},&quot;jet_parallax_layout_image_tablet&quot;:{&quot;url&quot;:&quot;&quot;,&quot;id&quot;:&quot;&quot;,&quot;size&quot;:&quot;&quot;},&quot;jet_parallax_layout_image_mobile&quot;:{&quot;url&quot;:&quot;&quot;,&quot;id&quot;:&quot;&quot;,&quot;size&quot;:&quot;&quot;},&quot;jet_parallax_layout_type&quot;:&quot;scroll&quot;,&quot;jet_parallax_layout_direction&quot;:null,&quot;jet_parallax_layout_fx_direction&quot;:null,&quot;jet_parallax_layout_z_index&quot;:&quot;&quot;,&quot;jet_parallax_layout_bg_x&quot;:50,&quot;jet_parallax_layout_bg_x_tablet&quot;:&quot;&quot;,&quot;jet_parallax_layout_bg_x_mobile&quot;:&quot;&quot;,&quot;jet_parallax_layout_bg_y&quot;:50,&quot;jet_parallax_layout_bg_y_tablet&quot;:&quot;&quot;,&quot;jet_parallax_layout_bg_y_mobile&quot;:&quot;&quot;,&quot;jet_parallax_layout_bg_size&quot;:&quot;auto&quot;,&quot;jet_parallax_layout_bg_size_tablet&quot;:&quot;&quot;,&quot;jet_parallax_layout_bg_size_mobile&quot;:&quot;&quot;,&quot;jet_parallax_layout_animation_prop&quot;:&quot;transform&quot;,&quot;jet_parallax_layout_on&quot;:[&quot;desktop&quot;,&quot;tablet&quot;]}]}\">\n\t\t\t\t\t\t<div class=\"elementor-container elementor-column-gap-default\">\n\t\t\t\t\t<div class=\"elementor-column elementor-col-100 elementor-top-column elementor-element elementor-element-35ea66a\" data-id=\"35ea66a\" data-element_type=\"column\">\n\t\t\t<div class=\"elementor-widget-wrap elementor-element-populated\">\n\t\t\t\t\t\t<div class=\"elementor-element elementor-element-187607c elementor-invisible elementor-widget elementor-widget-jet-logo\" data-id=\"187607c\" data-element_type=\"widget\" data-settings=\"{&quot;_animation&quot;:&quot;zoomIn&quot;}\" data-widget_type=\"jet-logo.default\">\n\t\t\t\t<div class=\"elementor-widget-container\">\n\t\t\t\t\t<div class=\"elementor-jet-logo jet-blocks\"><div class=\"jet-logo jet-logo-type-image jet-logo-display-block\">\n<a href=\"https:\/\/wifilab.org\/pl\/\" class=\"jet-logo__link\"><img fetchpriority=\"high\" decoding=\"async\" src=\"https:\/\/wifilab.org\/wp-content\/uploads\/2018\/08\/Logo-2.png\" class=\"jet-logo__img\" alt=\"WiFiLab\" width=\"611\" height=\"131\" srcset=\"https:\/\/wifilab.org\/wp-content\/uploads\/2018\/08\/Logo-2.png 2x\"><\/a><\/div>\n<\/div>\t\t\t\t<\/div>\n\t\t\t\t<\/div>\n\t\t\t\t<div class=\"elementor-element elementor-element-5073789 elementor-invisible elementor-widget elementor-widget-image\" data-id=\"5073789\" data-element_type=\"widget\" data-settings=\"{&quot;_animation&quot;:&quot;zoomIn&quot;}\" data-widget_type=\"image.default\">\n\t\t\t\t<div class=\"elementor-widget-container\">\n\t\t\t\t\t\t\t\t\t\t\t\t\t\t\t<img decoding=\"async\" width=\"187\" height=\"180\" src=\"https:\/\/wifilab.org\/wp-content\/uploads\/2018\/08\/meintenance-1-img-1.svg\" class=\"attachment-full size-full wp-image-24336\" alt=\"\" \/>\t\t\t\t\t\t\t\t\t\t\t\t\t\t\t<\/div>\n\t\t\t\t<\/div>\n\t\t\t\t<div class=\"elementor-element elementor-element-524e28f elementor-invisible elementor-widget elementor-widget-heading\" data-id=\"524e28f\" data-element_type=\"widget\" data-settings=\"{&quot;_animation&quot;:&quot;fadeInLeft&quot;}\" data-widget_type=\"heading.default\">\n\t\t\t\t<div class=\"elementor-widget-container\">\n\t\t\t\t\t<h1 class=\"elementor-heading-title elementor-size-default\">Ta sekcja jest wci\u0105\u017c w fazie rozwoju.<\/h1>\t\t\t\t<\/div>\n\t\t\t\t<\/div>\n\t\t\t\t<div class=\"elementor-element elementor-element-0bc58a8 elementor-invisible elementor-widget elementor-widget-text-editor\" data-id=\"0bc58a8\" data-element_type=\"widget\" data-settings=\"{&quot;_animation&quot;:&quot;fadeInRight&quot;}\" data-widget_type=\"text-editor.default\">\n\t\t\t\t<div class=\"elementor-widget-container\">\n\t\t\t\t\t\t\t\t\t<p>Wkr\u00f3tce b\u0119dzie gotowy.<\/p>\n\t\t\t\t\t\t\t\t<\/div>\n\t\t\t\t<\/div>\n\t\t\t\t\t<\/div>\n\t\t<\/div>\n\t\t\t\t\t<\/div>\n\t\t<\/section>\n\t\t\t\t<\/div>\n\t\t","protected":false},"excerpt":{"rendered":"<p>Ta sekcja jest wci\u0105\u017c w fazie rozwoju. Wkr\u00f3tce b\u0119dzie gotowy.<\/p>\n","protected":false},"author":1,"featured_media":0,"parent":0,"menu_order":0,"comment_status":"closed","ping_status":"closed","template":"elementor_header_footer","meta":{"footnotes":""},"class_list":["post-26569","page","type-page","status-publish","hentry"],"yoast_head":"<!-- This site is optimized with the Yoast SEO Premium plugin v24.2 (Yoast SEO v24.2) - https:\/\/yoast.com\/wordpress\/plugins\/seo\/ -->\n<title>Maintenance_1 - WiFiLab<\/title>\n<meta name=\"robots\" content=\"index, follow, max-snippet:-1, max-image-preview:large, max-video-preview:-1\" \/>\n<meta property=\"og:locale\" content=\"pl_PL\" \/>\n<meta property=\"og:type\" content=\"article\" \/>\n<meta property=\"og:title\" content=\"Maintenance_1\" \/>\n<meta property=\"og:description\" content=\"Ta sekcja jest wci\u0105\u017c w fazie rozwoju. Wkr\u00f3tce b\u0119dzie gotowy.\" \/>\n<meta property=\"og:url\" content=\"https:\/\/wifilab.org\/pl\/maintenance_1\/\" \/>\n<meta property=\"og:site_name\" content=\"WiFiLab\" \/>\n<meta property=\"article:modified_time\" content=\"2024-10-16T10:26:44+00:00\" \/>\n<meta property=\"og:image\" content=\"https:\/\/wifilab.org\/wp-content\/uploads\/2018\/08\/Logo-2.png\" \/>\n<meta name=\"twitter:card\" content=\"summary_large_image\" \/>\n<script type=\"application\/ld+json\" class=\"yoast-schema-graph\">{\"@context\":\"https:\/\/schema.org\",\"@graph\":[{\"@type\":\"WebPage\",\"@id\":\"https:\/\/wifilab.org\/pl\/maintenance_1\/\",\"url\":\"https:\/\/wifilab.org\/pl\/maintenance_1\/\",\"name\":\"Maintenance_1 - WiFiLab\",\"isPartOf\":{\"@id\":\"https:\/\/wifilab.org\/pl\/#website\"},\"primaryImageOfPage\":{\"@id\":\"https:\/\/wifilab.org\/pl\/maintenance_1\/#primaryimage\"},\"image\":{\"@id\":\"https:\/\/wifilab.org\/pl\/maintenance_1\/#primaryimage\"},\"thumbnailUrl\":\"https:\/\/wifilab.org\/wp-content\/uploads\/2018\/08\/Logo-2.png\",\"datePublished\":\"2018-08-06T10:03:52+00:00\",\"dateModified\":\"2024-10-16T10:26:44+00:00\",\"breadcrumb\":{\"@id\":\"https:\/\/wifilab.org\/pl\/maintenance_1\/#breadcrumb\"},\"inLanguage\":\"pl-PL\",\"potentialAction\":[{\"@type\":\"ReadAction\",\"target\":[\"https:\/\/wifilab.org\/pl\/maintenance_1\/\"]}]},{\"@type\":\"ImageObject\",\"inLanguage\":\"pl-PL\",\"@id\":\"https:\/\/wifilab.org\/pl\/maintenance_1\/#primaryimage\",\"url\":\"https:\/\/wifilab.org\/wp-content\/uploads\/2018\/08\/Logo-2.png\",\"contentUrl\":\"https:\/\/wifilab.org\/wp-content\/uploads\/2018\/08\/Logo-2.png\"},{\"@type\":\"BreadcrumbList\",\"@id\":\"https:\/\/wifilab.org\/pl\/maintenance_1\/#breadcrumb\",\"itemListElement\":[{\"@type\":\"ListItem\",\"position\":1,\"name\":\"\u0413\u043b\u0430\u0432\u043d\u0430\u044f \u0441\u0442\u0440\u0430\u043d\u0438\u0446\u0430\",\"item\":\"https:\/\/wifilab.org\/pl\/\"},{\"@type\":\"ListItem\",\"position\":2,\"name\":\"Maintenance_1\"}]},{\"@type\":\"WebSite\",\"@id\":\"https:\/\/wifilab.org\/pl\/#website\",\"url\":\"https:\/\/wifilab.org\/pl\/\",\"name\":\"WiFiLab\",\"description\":\"\u041f\u0440\u043e\u0444\u0435\u0441\u0441\u0438\u043e\u043d\u0430\u043b\u044c\u043d\u0430\u044f \u041d\u0430\u0441\u0442\u0440\u043e\u0439\u043a\u0430 Mikrotik, Ubiquiti, Cisco\",\"publisher\":{\"@id\":\"https:\/\/wifilab.org\/pl\/#organization\"},\"potentialAction\":[{\"@type\":\"SearchAction\",\"target\":{\"@type\":\"EntryPoint\",\"urlTemplate\":\"https:\/\/wifilab.org\/pl\/?s={search_term_string}\"},\"query-input\":{\"@type\":\"PropertyValueSpecification\",\"valueRequired\":true,\"valueName\":\"search_term_string\"}}],\"inLanguage\":\"pl-PL\"},{\"@type\":\"Organization\",\"@id\":\"https:\/\/wifilab.org\/pl\/#organization\",\"name\":\"WiFiLab\",\"url\":\"https:\/\/wifilab.org\/pl\/\",\"logo\":{\"@type\":\"ImageObject\",\"inLanguage\":\"pl-PL\",\"@id\":\"https:\/\/wifilab.org\/pl\/#\/schema\/logo\/image\/\",\"url\":\"https:\/\/i0.wp.com\/wifilab.org\/wp-content\/uploads\/2018\/08\/Logo-2.png?fit=611%2C131&ssl=1\",\"contentUrl\":\"https:\/\/i0.wp.com\/wifilab.org\/wp-content\/uploads\/2018\/08\/Logo-2.png?fit=611%2C131&ssl=1\",\"width\":611,\"height\":131,\"caption\":\"WiFiLab\"},\"image\":{\"@id\":\"https:\/\/wifilab.org\/pl\/#\/schema\/logo\/image\/\"},\"sameAs\":[\"https:\/\/t.me\/wifilab\"]}]}<\/script>\n<!-- \/ Yoast SEO Premium plugin. -->","yoast_head_json":{"title":"Maintenance_1 - WiFiLab","robots":{"index":"index","follow":"follow","max-snippet":"max-snippet:-1","max-image-preview":"max-image-preview:large","max-video-preview":"max-video-preview:-1"},"og_locale":"pl_PL","og_type":"article","og_title":"Maintenance_1","og_description":"Ta sekcja jest wci\u0105\u017c w fazie rozwoju. Wkr\u00f3tce b\u0119dzie gotowy.","og_url":"https:\/\/wifilab.org\/pl\/maintenance_1\/","og_site_name":"WiFiLab","article_modified_time":"2024-10-16T10:26:44+00:00","og_image":[{"url":"https:\/\/wifilab.org\/wp-content\/uploads\/2018\/08\/Logo-2.png","type":"","width":"","height":""}],"twitter_card":"summary_large_image","schema":{"@context":"https:\/\/schema.org","@graph":[{"@type":"WebPage","@id":"https:\/\/wifilab.org\/pl\/maintenance_1\/","url":"https:\/\/wifilab.org\/pl\/maintenance_1\/","name":"Maintenance_1 - WiFiLab","isPartOf":{"@id":"https:\/\/wifilab.org\/pl\/#website"},"primaryImageOfPage":{"@id":"https:\/\/wifilab.org\/pl\/maintenance_1\/#primaryimage"},"image":{"@id":"https:\/\/wifilab.org\/pl\/maintenance_1\/#primaryimage"},"thumbnailUrl":"https:\/\/wifilab.org\/wp-content\/uploads\/2018\/08\/Logo-2.png","datePublished":"2018-08-06T10:03:52+00:00","dateModified":"2024-10-16T10:26:44+00:00","breadcrumb":{"@id":"https:\/\/wifilab.org\/pl\/maintenance_1\/#breadcrumb"},"inLanguage":"pl-PL","potentialAction":[{"@type":"ReadAction","target":["https:\/\/wifilab.org\/pl\/maintenance_1\/"]}]},{"@type":"ImageObject","inLanguage":"pl-PL","@id":"https:\/\/wifilab.org\/pl\/maintenance_1\/#primaryimage","url":"https:\/\/wifilab.org\/wp-content\/uploads\/2018\/08\/Logo-2.png","contentUrl":"https:\/\/wifilab.org\/wp-content\/uploads\/2018\/08\/Logo-2.png"},{"@type":"BreadcrumbList","@id":"https:\/\/wifilab.org\/pl\/maintenance_1\/#breadcrumb","itemListElement":[{"@type":"ListItem","position":1,"name":"\u0413\u043b\u0430\u0432\u043d\u0430\u044f \u0441\u0442\u0440\u0430\u043d\u0438\u0446\u0430","item":"https:\/\/wifilab.org\/pl\/"},{"@type":"ListItem","position":2,"name":"Maintenance_1"}]},{"@type":"WebSite","@id":"https:\/\/wifilab.org\/pl\/#website","url":"https:\/\/wifilab.org\/pl\/","name":"WiFiLab","description":"\u041f\u0440\u043e\u0444\u0435\u0441\u0441\u0438\u043e\u043d\u0430\u043b\u044c\u043d\u0430\u044f \u041d\u0430\u0441\u0442\u0440\u043e\u0439\u043a\u0430 Mikrotik, Ubiquiti, Cisco","publisher":{"@id":"https:\/\/wifilab.org\/pl\/#organization"},"potentialAction":[{"@type":"SearchAction","target":{"@type":"EntryPoint","urlTemplate":"https:\/\/wifilab.org\/pl\/?s={search_term_string}"},"query-input":{"@type":"PropertyValueSpecification","valueRequired":true,"valueName":"search_term_string"}}],"inLanguage":"pl-PL"},{"@type":"Organization","@id":"https:\/\/wifilab.org\/pl\/#organization","name":"WiFiLab","url":"https:\/\/wifilab.org\/pl\/","logo":{"@type":"ImageObject","inLanguage":"pl-PL","@id":"https:\/\/wifilab.org\/pl\/#\/schema\/logo\/image\/","url":"https:\/\/i0.wp.com\/wifilab.org\/wp-content\/uploads\/2018\/08\/Logo-2.png?fit=611%2C131&ssl=1","contentUrl":"https:\/\/i0.wp.com\/wifilab.org\/wp-content\/uploads\/2018\/08\/Logo-2.png?fit=611%2C131&ssl=1","width":611,"height":131,"caption":"WiFiLab"},"image":{"@id":"https:\/\/wifilab.org\/pl\/#\/schema\/logo\/image\/"},"sameAs":["https:\/\/t.me\/wifilab"]}]}},"jetpack_sharing_enabled":true,"_links":{"self":[{"href":"https:\/\/wifilab.org\/pl\/wp-json\/wp\/v2\/pages\/26569","targetHints":{"allow":["GET"]}}],"collection":[{"href":"https:\/\/wifilab.org\/pl\/wp-json\/wp\/v2\/pages"}],"about":[{"href":"https:\/\/wifilab.org\/pl\/wp-json\/wp\/v2\/types\/page"}],"author":[{"embeddable":true,"href":"https:\/\/wifilab.org\/pl\/wp-json\/wp\/v2\/users\/1"}],"replies":[{"embeddable":true,"href":"https:\/\/wifilab.org\/pl\/wp-json\/wp\/v2\/comments?post=26569"}],"version-history":[{"count":0,"href":"https:\/\/wifilab.org\/pl\/wp-json\/wp\/v2\/pages\/26569\/revisions"}],"wp:attachment":[{"href":"https:\/\/wifilab.org\/pl\/wp-json\/wp\/v2\/media?parent=26569"}],"curies":[{"name":"wp","href":"https:\/\/api.w.org\/{rel}","templated":true}]}}