{"id":26943,"date":"2024-09-16T19:04:46","date_gmt":"2024-09-16T16:04:46","guid":{"rendered":"https:\/\/wifilab.org\/product\/kup-mikrotik-hap-ac-rb962uigs-5hact2hnt\/"},"modified":"2025-04-27T19:23:35","modified_gmt":"2025-04-27T16:23:35","slug":"kup-mikrotik-hap-ac-rb962uigs-5hact2hnt","status":"publish","type":"product","link":"https:\/\/wifilab.org\/pl\/product\/kup-mikrotik-hap-ac-rb962uigs-5hact2hnt\/","title":{"rendered":"Kup MikroTik hAP ac (RB962UiGS-5HacT2HnT)"},"content":{"rendered":"<h3>Kup MikroTik hAP ac (RB962UiGS-5HacT2HnT)<\/h3>\n<p>MikroTik hAP ac (model RB962UiGS-5HacT2HnT) to dwuzakresowy router Wi-Fi, kt\u00f3ry oferuje 5 gigabitowych port\u00f3w sieciowych, port SFP do pod\u0142\u0105czenia \u015bwiat\u0142owod\u00f3w oraz port USB do pod\u0142\u0105czenia modem\u00f3w 4G. Router ten wyr\u00f3\u017cnia si\u0119 portem SFP, kt\u00f3ry umo\u017cliwia pod\u0142\u0105czenie optyki za po\u015brednictwem modu\u0142u SFP. Gigabitowe porty sieciowe i standard Wi-Fi 802.11ac zapewniaj\u0105 doskona\u0142\u0105 wydajno\u015b\u0107 urz\u0105dzenia. Cz\u0119stotliwo\u015b\u0107 5 GHz pozwala na mniej zat\u0142oczony format radiowy z du\u017c\u0105 szybko\u015bci\u0105 transmisji danych. Dlatego MikroTik hAP ac b\u0119dzie doskona\u0142ym wyborem do gigabitowego internetu zar\u00f3wno w mieszkaniu, jak i biurze. Dodatkowo urz\u0105dzenie mo\u017ce by\u0107 wykorzystywane jako dwuzakresowy wzmacniacz sygna\u0142u Wi-Fi (repeater). MikroTik odbierze sygna\u0142 z g\u0142\u00f3wnego routera na cz\u0119stotliwo\u015bciach 2,4 i 5 GHz, wzmocni go i prze\u015ble dalej. Router nadaje si\u0119 do wzmacniania sygna\u0142u Wi-Fi na jednym pi\u0119trze lub mi\u0119dzy pi\u0119trami. Wi\u0119cej informacji na temat konfiguracji w trybie repeatera mo\u017cna znale\u017a\u0107 w artykule &#8222;Konfiguracja MikroTik w trybie repeatera&#8221;.<\/p>\n<p><img decoding=\"async\" class=\"aligncenter\" src=\"https:\/\/www.technotrade.com.ua\/userfiles\/images\/MikroTik_hAP_ac\/MikroTik-hAP-ac-ports.jpg\" alt=\"Porti MikroTik hAP ac (model RB962UiGS-5HacT2HnT)\"><\/p>\n<p>Router obs\u0142uguje zasilanie zar\u00f3wno przez zasilacz, jak i 1. port sieciowy przy u\u017cyciu technologii pasywnego POE. Pi\u0105ty port sieciowy mo\u017ce by\u0107 wykorzystany do zasilania 24V 0.5A innego urz\u0105dzenia, takiego jak punkt dost\u0119powy Wi-Fi MikroTik w innym pomieszczeniu lub na zewn\u0105trz. Na obudowie routera znajduje si\u0119 pe\u0142nowymiarowy port USB 2.0 do pod\u0142\u0105czania zewn\u0119trznych urz\u0105dze\u0144 pami\u0119ci masowej lub modem\u00f3w 3G\/4G. Przed u\u017cyciem modemu nale\u017cy upewni\u0107 si\u0119, \u017ce posiadany model znajduje si\u0119 na li\u015bcie kompatybilnych modem\u00f3w 3G USB. System operacyjny RouterOS Level4, kt\u00f3ry steruje routerem, umo\u017cliwia konfigurowanie limit\u00f3w pr\u0119dko\u015bci Internetu, blokowanie dost\u0119pu do okre\u015blonych witryn lub sieci spo\u0142eczno\u015bciowych, ograniczanie pobierania torrent\u00f3w, konfigurowanie po\u0142\u0105cze\u0144 VPN, organizowanie HotSpot i korzystanie z routera z dwoma dostawcami Internetu jednocze\u015bnie. Je\u015bli potrzebujesz wydajnego i szybkiego dwuzakresowego routera Wi-Fi, nie przegap okazji i <strong>kup MikroTik hAP ac (RB962UiGS-5HacT2HnT)<\/strong>! <\/p>\n<h3>Charakterystyka<\/h3>\n<ul>\n<li>Procesor: Qualcomm Atheros QCA9558 720 MHz<\/li>\n<li>PAMI\u0118\u0106 RAM: 128 MB<\/li>\n<li>Porty:\n<ul>\n<li>5 \u00d7 10\/100\/1000 Mb\/s LAN (1. port z wej\u015bciem PoE, 5. port z wyj\u015bciem PoE)<\/li>\n<li>1 \u00d7 pe\u0142nowymiarowy port USB 2.0 typu A, 700 mA<\/li>\n<li>1 \u00d7 SFP<\/li>\n<\/ul>\n<\/li>\n<li>System operacyjny: MikroTik RouterOS Level4<\/li>\n<\/ul>\n<p><strong>Punkt dost\u0119pu<\/strong><\/p>\n<ul>\n<li>Cz\u0119stotliwo\u015bci: 2,4 GHz \/ 5 GHz<\/li>\n<li>Standardy: IEEE 802.11 a\/b\/g\/n\/ac<\/li>\n<li>Szybko\u015b\u0107 kana\u0142u: 450 Mb\/s przy 2,4 GHz \/ 1300 Mb\/s przy 5 GHz<\/li>\n<li>Antena:\n<ul>\n<li>3 \u00d7 anteny dook\u00f3lne 2,4 GHz<\/li>\n<li>3 \u00d7 anteny dook\u00f3lne 5 GHz<\/li>\n<\/ul>\n<\/li>\n<li>Wzmocnienie anteny: 2,5 dBi przy 2,4 GHz \/ 2 dBi przy 5 GHz<\/li>\n<\/ul>\n<p><strong>Dodatkowe funkcje<\/strong><\/p>\n<ul>\n<li>Zarz\u0105dzanie urz\u0105dzeniem: interfejs WEB, Winbox, Telnet, SSH<\/li>\n<\/ul>\n<p><strong>Inne<\/strong><\/p>\n<ul>\n<li>Zasilanie:\n<ul>\n<li>Wej\u015bcie PoE na porcie Ethernet 1: 11..57 V DC (standardowe pasywne wyj\u015bcia PoE +4,5 i -7,8, nie obs\u0142uguje 802.3af) <\/li>\n<li>Wyj\u015bcie PoE na porcie Ethernet 5: 24 V DC (standardowe pasywne wyj\u015bcia PoE +4,5 i -7,8, nie obs\u0142uguje 802.3af). Maksymalny pr\u0105d 0,5 A. <\/li>\n<li>Z\u0142\u0105cze: 11..57 V DC <\/li>\n<\/ul>\n<\/li>\n<li>Zu\u017cycie: do 17 W<\/li>\n<li>Wymiary: 114 \u00d7 137 \u00d7 29 mm<\/li>\n<li>Waga: 232 g<\/li>\n<li>Temperatura pracy: od -30\u00b0C do +70\u00b0C<\/li>\n<\/ul>\n<p>&nbsp;<\/p>\n","protected":false},"excerpt":{"rendered":"<ul>\n<li>Cz\u0119stotliwo\u015b\u0107 Wi-Fi: 2,4 i 5 GHz<\/li>\n<li>Pr\u0119dko\u015b\u0107 Wi-Fi: <strong>450<\/strong> i <strong>1300<\/strong> Mb\/s (standard AC &#8211; 1300 Mb\/s, standard N &#8211; 450 Mb\/s)<\/li>\n<li>Cz\u0119stotliwo\u015b\u0107 procesora: 720 MHz<\/li>\n<li>PAMI\u0118\u0106 RAM: 128 MB<\/li>\n<li>Porty:\n<ul>\n<li>5 \u00d7 1 Gbit\/s LAN<\/li>\n<li>1 \u00d7 SFP<\/li>\n<li>1 \u00d7 USB 2.0 (pe\u0142ny rozmiar)<\/li>\n<\/ul>\n<\/li>\n<li>\n<\/li>\n<\/ul>\n","protected":false},"featured_media":20926,"comment_status":"open","ping_status":"closed","template":"","meta":[],"product_cat":[247,248,202],"product_tag":[249],"class_list":{"0":"post-26943","1":"product","2":"type-product","3":"status-publish","4":"has-post-thumbnail","6":"product_cat-routery","7":"product_cat-routery-mikrotik","8":"product_cat-kup_sprzet_sieciowy_mikrotik","9":"product_tag-routery","10":"product_shipping_class-klasa-1","12":"first","13":"instock","14":"shipping-taxable","15":"purchasable","16":"product-type-simple"},"yoast_head":"<!-- This site is optimized with the Yoast SEO Premium plugin v24.2 (Yoast SEO v24.2) - https:\/\/yoast.com\/wordpress\/plugins\/seo\/ -->\n<title>Kup MikroTik hAP ac (RB962UiGS-5HacT2HnT) - WiFiLab<\/title>\n<meta name=\"description\" content=\"Tutaj mo\u017cna kupi\u0107 MikroTik hAP ac (RB962UiGS-5HacT2HnT) w najlepszej cenie. Oficjalna gwarancja. 14 dni na zwrot. Pomoc w wyborze!\" \/>\n<meta name=\"robots\" content=\"index, follow, max-snippet:-1, max-image-preview:large, max-video-preview:-1\" \/>\n<meta property=\"og:locale\" content=\"pl_PL\" \/>\n<meta property=\"og:type\" content=\"article\" \/>\n<meta property=\"og:title\" content=\"Kup MikroTik hAP ac (RB962UiGS-5HacT2HnT)\" \/>\n<meta property=\"og:description\" content=\"Tutaj mo\u017cna kupi\u0107 MikroTik hAP ac (RB962UiGS-5HacT2HnT) w najlepszej cenie. Oficjalna gwarancja. 14 dni na zwrot. Pomoc w wyborze!\" \/>\n<meta property=\"og:url\" content=\"https:\/\/wifilab.org\/pl\/product\/kup-mikrotik-hap-ac-rb962uigs-5hact2hnt\/\" \/>\n<meta property=\"og:site_name\" content=\"WiFiLab\" \/>\n<meta property=\"article:modified_time\" content=\"2025-04-27T16:23:35+00:00\" \/>\n<meta property=\"og:image\" content=\"https:\/\/wifilab.org\/wp-content\/uploads\/2024\/09\/MikroTik_hap_ac.jpg\" \/>\n\t<meta property=\"og:image:width\" content=\"500\" \/>\n\t<meta property=\"og:image:height\" content=\"500\" \/>\n\t<meta property=\"og:image:type\" content=\"image\/jpeg\" \/>\n<meta name=\"twitter:card\" content=\"summary_large_image\" \/>\n<meta name=\"twitter:label1\" content=\"Szacowany czas czytania\" \/>\n\t<meta name=\"twitter:data1\" content=\"2 minuty\" \/>\n<script type=\"application\/ld+json\" class=\"yoast-schema-graph\">{\"@context\":\"https:\/\/schema.org\",\"@graph\":[{\"@type\":\"WebPage\",\"@id\":\"https:\/\/wifilab.org\/pl\/product\/kup-mikrotik-hap-ac-rb962uigs-5hact2hnt\/\",\"url\":\"https:\/\/wifilab.org\/pl\/product\/kup-mikrotik-hap-ac-rb962uigs-5hact2hnt\/\",\"name\":\"Kup MikroTik hAP ac (RB962UiGS-5HacT2HnT) - WiFiLab\",\"isPartOf\":{\"@id\":\"https:\/\/wifilab.org\/pl\/#website\"},\"primaryImageOfPage\":{\"@id\":\"https:\/\/wifilab.org\/pl\/product\/kup-mikrotik-hap-ac-rb962uigs-5hact2hnt\/#primaryimage\"},\"image\":{\"@id\":\"https:\/\/wifilab.org\/pl\/product\/kup-mikrotik-hap-ac-rb962uigs-5hact2hnt\/#primaryimage\"},\"thumbnailUrl\":\"https:\/\/wifilab.org\/wp-content\/uploads\/2024\/09\/MikroTik_hap_ac.jpg\",\"datePublished\":\"2024-09-16T16:04:46+00:00\",\"dateModified\":\"2025-04-27T16:23:35+00:00\",\"description\":\"Tutaj mo\u017cna kupi\u0107 MikroTik hAP ac (RB962UiGS-5HacT2HnT) w najlepszej cenie. Oficjalna gwarancja. 14 dni na zwrot. Pomoc w wyborze!\",\"breadcrumb\":{\"@id\":\"https:\/\/wifilab.org\/pl\/product\/kup-mikrotik-hap-ac-rb962uigs-5hact2hnt\/#breadcrumb\"},\"inLanguage\":\"pl-PL\",\"potentialAction\":[{\"@type\":\"ReadAction\",\"target\":[\"https:\/\/wifilab.org\/pl\/product\/kup-mikrotik-hap-ac-rb962uigs-5hact2hnt\/\"]}]},{\"@type\":\"ImageObject\",\"inLanguage\":\"pl-PL\",\"@id\":\"https:\/\/wifilab.org\/pl\/product\/kup-mikrotik-hap-ac-rb962uigs-5hact2hnt\/#primaryimage\",\"url\":\"https:\/\/wifilab.org\/wp-content\/uploads\/2024\/09\/MikroTik_hap_ac.jpg\",\"contentUrl\":\"https:\/\/wifilab.org\/wp-content\/uploads\/2024\/09\/MikroTik_hap_ac.jpg\",\"width\":500,\"height\":500,\"caption\":\"\u041a\u0443\u043f\u0438\u0442\u044c MikroTik hap AC - WiFiLab\"},{\"@type\":\"BreadcrumbList\",\"@id\":\"https:\/\/wifilab.org\/pl\/product\/kup-mikrotik-hap-ac-rb962uigs-5hact2hnt\/#breadcrumb\",\"itemListElement\":[{\"@type\":\"ListItem\",\"position\":1,\"name\":\"\u0413\u043b\u0430\u0432\u043d\u0430\u044f \u0441\u0442\u0440\u0430\u043d\u0438\u0446\u0430\",\"item\":\"https:\/\/wifilab.org\/pl\/\"},{\"@type\":\"ListItem\",\"position\":2,\"name\":\"Sklep\",\"item\":\"https:\/\/wifilab.org\/pl\/sklep\/\"},{\"@type\":\"ListItem\",\"position\":3,\"name\":\"Kup MikroTik hAP ac (RB962UiGS-5HacT2HnT)\"}]},{\"@type\":\"WebSite\",\"@id\":\"https:\/\/wifilab.org\/pl\/#website\",\"url\":\"https:\/\/wifilab.org\/pl\/\",\"name\":\"WiFiLab\",\"description\":\"\u041f\u0440\u043e\u0444\u0435\u0441\u0441\u0438\u043e\u043d\u0430\u043b\u044c\u043d\u0430\u044f \u041d\u0430\u0441\u0442\u0440\u043e\u0439\u043a\u0430 Mikrotik, Ubiquiti, Cisco\",\"publisher\":{\"@id\":\"https:\/\/wifilab.org\/pl\/#organization\"},\"potentialAction\":[{\"@type\":\"SearchAction\",\"target\":{\"@type\":\"EntryPoint\",\"urlTemplate\":\"https:\/\/wifilab.org\/pl\/?s={search_term_string}\"},\"query-input\":{\"@type\":\"PropertyValueSpecification\",\"valueRequired\":true,\"valueName\":\"search_term_string\"}}],\"inLanguage\":\"pl-PL\"},{\"@type\":\"Organization\",\"@id\":\"https:\/\/wifilab.org\/pl\/#organization\",\"name\":\"WiFiLab\",\"url\":\"https:\/\/wifilab.org\/pl\/\",\"logo\":{\"@type\":\"ImageObject\",\"inLanguage\":\"pl-PL\",\"@id\":\"https:\/\/wifilab.org\/pl\/#\/schema\/logo\/image\/\",\"url\":\"https:\/\/i0.wp.com\/wifilab.org\/wp-content\/uploads\/2018\/08\/Logo-2.png?fit=611%2C131&ssl=1\",\"contentUrl\":\"https:\/\/i0.wp.com\/wifilab.org\/wp-content\/uploads\/2018\/08\/Logo-2.png?fit=611%2C131&ssl=1\",\"width\":611,\"height\":131,\"caption\":\"WiFiLab\"},\"image\":{\"@id\":\"https:\/\/wifilab.org\/pl\/#\/schema\/logo\/image\/\"},\"sameAs\":[\"https:\/\/t.me\/wifilab\"]}]}<\/script>\n<!-- \/ Yoast SEO Premium plugin. -->","yoast_head_json":{"title":"Kup MikroTik hAP ac (RB962UiGS-5HacT2HnT) - WiFiLab","description":"Tutaj mo\u017cna kupi\u0107 MikroTik hAP ac (RB962UiGS-5HacT2HnT) w najlepszej cenie. Oficjalna gwarancja. 14 dni na zwrot. Pomoc w wyborze!","robots":{"index":"index","follow":"follow","max-snippet":"max-snippet:-1","max-image-preview":"max-image-preview:large","max-video-preview":"max-video-preview:-1"},"og_locale":"pl_PL","og_type":"article","og_title":"Kup MikroTik hAP ac (RB962UiGS-5HacT2HnT)","og_description":"Tutaj mo\u017cna kupi\u0107 MikroTik hAP ac (RB962UiGS-5HacT2HnT) w najlepszej cenie. Oficjalna gwarancja. 14 dni na zwrot. Pomoc w wyborze!","og_url":"https:\/\/wifilab.org\/pl\/product\/kup-mikrotik-hap-ac-rb962uigs-5hact2hnt\/","og_site_name":"WiFiLab","article_modified_time":"2025-04-27T16:23:35+00:00","og_image":[{"width":500,"height":500,"url":"https:\/\/wifilab.org\/wp-content\/uploads\/2024\/09\/MikroTik_hap_ac.jpg","type":"image\/jpeg"}],"twitter_card":"summary_large_image","twitter_misc":{"Szacowany czas czytania":"2 minuty"},"schema":{"@context":"https:\/\/schema.org","@graph":[{"@type":"WebPage","@id":"https:\/\/wifilab.org\/pl\/product\/kup-mikrotik-hap-ac-rb962uigs-5hact2hnt\/","url":"https:\/\/wifilab.org\/pl\/product\/kup-mikrotik-hap-ac-rb962uigs-5hact2hnt\/","name":"Kup MikroTik hAP ac (RB962UiGS-5HacT2HnT) - WiFiLab","isPartOf":{"@id":"https:\/\/wifilab.org\/pl\/#website"},"primaryImageOfPage":{"@id":"https:\/\/wifilab.org\/pl\/product\/kup-mikrotik-hap-ac-rb962uigs-5hact2hnt\/#primaryimage"},"image":{"@id":"https:\/\/wifilab.org\/pl\/product\/kup-mikrotik-hap-ac-rb962uigs-5hact2hnt\/#primaryimage"},"thumbnailUrl":"https:\/\/wifilab.org\/wp-content\/uploads\/2024\/09\/MikroTik_hap_ac.jpg","datePublished":"2024-09-16T16:04:46+00:00","dateModified":"2025-04-27T16:23:35+00:00","description":"Tutaj mo\u017cna kupi\u0107 MikroTik hAP ac (RB962UiGS-5HacT2HnT) w najlepszej cenie. Oficjalna gwarancja. 14 dni na zwrot. Pomoc w wyborze!","breadcrumb":{"@id":"https:\/\/wifilab.org\/pl\/product\/kup-mikrotik-hap-ac-rb962uigs-5hact2hnt\/#breadcrumb"},"inLanguage":"pl-PL","potentialAction":[{"@type":"ReadAction","target":["https:\/\/wifilab.org\/pl\/product\/kup-mikrotik-hap-ac-rb962uigs-5hact2hnt\/"]}]},{"@type":"ImageObject","inLanguage":"pl-PL","@id":"https:\/\/wifilab.org\/pl\/product\/kup-mikrotik-hap-ac-rb962uigs-5hact2hnt\/#primaryimage","url":"https:\/\/wifilab.org\/wp-content\/uploads\/2024\/09\/MikroTik_hap_ac.jpg","contentUrl":"https:\/\/wifilab.org\/wp-content\/uploads\/2024\/09\/MikroTik_hap_ac.jpg","width":500,"height":500,"caption":"\u041a\u0443\u043f\u0438\u0442\u044c MikroTik hap AC - WiFiLab"},{"@type":"BreadcrumbList","@id":"https:\/\/wifilab.org\/pl\/product\/kup-mikrotik-hap-ac-rb962uigs-5hact2hnt\/#breadcrumb","itemListElement":[{"@type":"ListItem","position":1,"name":"\u0413\u043b\u0430\u0432\u043d\u0430\u044f \u0441\u0442\u0440\u0430\u043d\u0438\u0446\u0430","item":"https:\/\/wifilab.org\/pl\/"},{"@type":"ListItem","position":2,"name":"Sklep","item":"https:\/\/wifilab.org\/pl\/sklep\/"},{"@type":"ListItem","position":3,"name":"Kup MikroTik hAP ac (RB962UiGS-5HacT2HnT)"}]},{"@type":"WebSite","@id":"https:\/\/wifilab.org\/pl\/#website","url":"https:\/\/wifilab.org\/pl\/","name":"WiFiLab","description":"\u041f\u0440\u043e\u0444\u0435\u0441\u0441\u0438\u043e\u043d\u0430\u043b\u044c\u043d\u0430\u044f \u041d\u0430\u0441\u0442\u0440\u043e\u0439\u043a\u0430 Mikrotik, Ubiquiti, Cisco","publisher":{"@id":"https:\/\/wifilab.org\/pl\/#organization"},"potentialAction":[{"@type":"SearchAction","target":{"@type":"EntryPoint","urlTemplate":"https:\/\/wifilab.org\/pl\/?s={search_term_string}"},"query-input":{"@type":"PropertyValueSpecification","valueRequired":true,"valueName":"search_term_string"}}],"inLanguage":"pl-PL"},{"@type":"Organization","@id":"https:\/\/wifilab.org\/pl\/#organization","name":"WiFiLab","url":"https:\/\/wifilab.org\/pl\/","logo":{"@type":"ImageObject","inLanguage":"pl-PL","@id":"https:\/\/wifilab.org\/pl\/#\/schema\/logo\/image\/","url":"https:\/\/i0.wp.com\/wifilab.org\/wp-content\/uploads\/2018\/08\/Logo-2.png?fit=611%2C131&ssl=1","contentUrl":"https:\/\/i0.wp.com\/wifilab.org\/wp-content\/uploads\/2018\/08\/Logo-2.png?fit=611%2C131&ssl=1","width":611,"height":131,"caption":"WiFiLab"},"image":{"@id":"https:\/\/wifilab.org\/pl\/#\/schema\/logo\/image\/"},"sameAs":["https:\/\/t.me\/wifilab"]}]}},"jetpack_sharing_enabled":true,"_links":{"self":[{"href":"https:\/\/wifilab.org\/pl\/wp-json\/wp\/v2\/product\/26943","targetHints":{"allow":["GET"]}}],"collection":[{"href":"https:\/\/wifilab.org\/pl\/wp-json\/wp\/v2\/product"}],"about":[{"href":"https:\/\/wifilab.org\/pl\/wp-json\/wp\/v2\/types\/product"}],"replies":[{"embeddable":true,"href":"https:\/\/wifilab.org\/pl\/wp-json\/wp\/v2\/comments?post=26943"}],"version-history":[{"count":0,"href":"https:\/\/wifilab.org\/pl\/wp-json\/wp\/v2\/product\/26943\/revisions"}],"wp:featuredmedia":[{"embeddable":true,"href":"https:\/\/wifilab.org\/pl\/wp-json\/wp\/v2\/media\/20926"}],"wp:attachment":[{"href":"https:\/\/wifilab.org\/pl\/wp-json\/wp\/v2\/media?parent=26943"}],"wp:term":[{"taxonomy":"product_cat","embeddable":true,"href":"https:\/\/wifilab.org\/pl\/wp-json\/wp\/v2\/product_cat?post=26943"},{"taxonomy":"product_tag","embeddable":true,"href":"https:\/\/wifilab.org\/pl\/wp-json\/wp\/v2\/product_tag?post=26943"}],"curies":[{"name":"wp","href":"https:\/\/api.w.org\/{rel}","templated":true}]}}